{"id":78,"date":"2017-10-03T08:47:21","date_gmt":"2017-10-03T11:47:21","guid":{"rendered":"https:\/\/galpaobauru.com.br\/?page_id=78"},"modified":"2020-08-05T12:48:41","modified_gmt":"2020-08-05T15:48:41","slug":"antes-e-depois","status":"publish","type":"page","link":"https:\/\/galpaobauru.com.br\/index.php\/antes-e-depois\/","title":{"rendered":"Antes e Depois"},"content":{"rendered":"\t\t<div data-elementor-type=\"wp-page\" data-elementor-id=\"78\" class=\"elementor elementor-78\">\n\t\t\t\t\t\t<section class=\"elementor-section elementor-top-section elementor-element elementor-element-2ad9611 elementor-section-boxed elementor-section-height-default elementor-section-height-default\" data-id=\"2ad9611\" data-element_type=\"section\">\n\t\t\t\t\t\t<div class=\"elementor-container elementor-column-gap-default\">\n\t\t\t\t\t<div class=\"elementor-column elementor-col-100 elementor-top-column elementor-element elementor-element-c048b30\" data-id=\"c048b30\" data-element_type=\"column\">\n\t\t\t<div class=\"elementor-widget-wrap elementor-element-populated\">\n\t\t\t\t\t\t<div class=\"elementor-element elementor-element-a2c8169 elementor-widget elementor-widget-text-editor\" data-id=\"a2c8169\" data-element_type=\"widget\" data-widget_type=\"text-editor.default\">\n\t\t\t\t<div class=\"elementor-widget-container\">\n\t\t\t\t\t\t\t\t\t<p>A empresa Galp\u00e3o Auto Express \u00e9 especialista em REPAROS R\u00c1PIDOS. Oferecemos ao mercado automotivo as melhores t\u00e9cnicas de reparos dispon\u00edveis no mundo, garantindo sempre o menor custo e mantendo a originalidade de seu VE\u00cdCULO, sem que, no futuro haja deprecia\u00e7\u00e3o ao comercializ\u00e1-lo. Confira alguns de nossos trabalhos<\/p>\t\t\t\t\t\t\t\t<\/div>\n\t\t\t\t<\/div>\n\t\t\t\t\t<\/div>\n\t\t<\/div>\n\t\t\t\t\t<\/div>\n\t\t<\/section>\n\t\t\t\t<section class=\"elementor-section elementor-top-section elementor-element elementor-element-d2442f6 elementor-section-boxed elementor-section-height-default elementor-section-height-default\" data-id=\"d2442f6\" data-element_type=\"section\">\n\t\t\t\t\t\t<div class=\"elementor-container elementor-column-gap-default\">\n\t\t\t\t\t<div class=\"elementor-column elementor-col-100 elementor-top-column elementor-element elementor-element-0446aee\" data-id=\"0446aee\" data-element_type=\"column\">\n\t\t\t<div class=\"elementor-widget-wrap elementor-element-populated\">\n\t\t\t\t\t\t<div class=\"elementor-element elementor-element-0a2b49b elementor-widget elementor-widget-text-editor\" data-id=\"0a2b49b\" data-element_type=\"widget\" data-widget_type=\"text-editor.default\">\n\t\t\t\t<div class=\"elementor-widget-container\">\n\t\t\t\t\t\t\t\t\t<p>Galeria:<\/p>\t\t\t\t\t\t\t\t<\/div>\n\t\t\t\t<\/div>\n\t\t\t\t\t<\/div>\n\t\t<\/div>\n\t\t\t\t\t<\/div>\n\t\t<\/section>\n\t\t\t\t<section class=\"elementor-section elementor-top-section elementor-element elementor-element-3da31c6 elementor-section-boxed elementor-section-height-default elementor-section-height-default\" data-id=\"3da31c6\" data-element_type=\"section\">\n\t\t\t\t\t\t<div class=\"elementor-container elementor-column-gap-default\">\n\t\t\t\t\t<div class=\"elementor-column elementor-col-100 elementor-top-column elementor-element elementor-element-f29a378\" data-id=\"f29a378\" data-element_type=\"column\">\n\t\t\t<div class=\"elementor-widget-wrap elementor-element-populated\">\n\t\t\t\t\t\t<div class=\"elementor-element elementor-element-e8319c4 gallery-spacing-custom elementor-widget elementor-widget-image-gallery\" data-id=\"e8319c4\" data-element_type=\"widget\" data-widget_type=\"image-gallery.default\">\n\t\t\t\t<div class=\"elementor-widget-container\">\n\t\t\t\t\t\t\t<div class=\"elementor-image-gallery\">\n\t\t\t<div id='gallery-1' class='gallery galleryid-78 gallery-columns-3 gallery-size-medium'><figure class='gallery-item'>\n\t\t\t<div class='gallery-icon portrait'>\n\t\t\t\t<a data-elementor-open-lightbox=\"yes\" data-elementor-lightbox-slideshow=\"e8319c4\" data-elementor-lightbox-title=\"Galp\u00e3o Express Bauru (7)\" data-e-action-hash=\"#elementor-action%3Aaction%3Dlightbox%26settings%3DeyJpZCI6ODIsInVybCI6Imh0dHBzOlwvXC9nYWxwYW9iYXVydS5jb20uYnJcL3dwLWNvbnRlbnRcL3VwbG9hZHNcLzIwMTdcLzEwXC9HYWxwXHUwMGUzby1FeHByZXNzLUJhdXJ1LTcuanBnIiwic2xpZGVzaG93IjoiZTgzMTljNCJ9\" href='https:\/\/galpaobauru.com.br\/wp-content\/uploads\/2017\/10\/Galp\u00e3o-Express-Bauru-7.jpg'><img fetchpriority=\"high\" decoding=\"async\" width=\"267\" height=\"300\" src=\"https:\/\/galpaobauru.com.br\/wp-content\/uploads\/2017\/10\/Galp\u00e3o-Express-Bauru-7-267x300.jpg\" class=\"attachment-medium size-medium\" alt=\"\" srcset=\"https:\/\/galpaobauru.com.br\/wp-content\/uploads\/2017\/10\/Galp\u00e3o-Express-Bauru-7-267x300.jpg 267w, https:\/\/galpaobauru.com.br\/wp-content\/uploads\/2017\/10\/Galp\u00e3o-Express-Bauru-7.jpg 533w\" sizes=\"(max-width: 267px) 100vw, 267px\" \/><\/a>\n\t\t\t<\/div><\/figure><figure class='gallery-item'>\n\t\t\t<div class='gallery-icon landscape'>\n\t\t\t\t<a data-elementor-open-lightbox=\"yes\" data-elementor-lightbox-slideshow=\"e8319c4\" data-elementor-lightbox-title=\"Galp\u00e3o Express Bauru (4)\" data-e-action-hash=\"#elementor-action%3Aaction%3Dlightbox%26settings%3DeyJpZCI6NzksInVybCI6Imh0dHBzOlwvXC9nYWxwYW9iYXVydS5jb20uYnJcL3dwLWNvbnRlbnRcL3VwbG9hZHNcLzIwMTdcLzEwXC9HYWxwXHUwMGUzby1FeHByZXNzLUJhdXJ1LTQuanBnIiwic2xpZGVzaG93IjoiZTgzMTljNCJ9\" href='https:\/\/galpaobauru.com.br\/wp-content\/uploads\/2017\/10\/Galp\u00e3o-Express-Bauru-4.jpg'><img decoding=\"async\" width=\"300\" height=\"300\" src=\"https:\/\/galpaobauru.com.br\/wp-content\/uploads\/2017\/10\/Galp\u00e3o-Express-Bauru-4-300x300.jpg\" class=\"attachment-medium size-medium\" alt=\"\" srcset=\"https:\/\/galpaobauru.com.br\/wp-content\/uploads\/2017\/10\/Galp\u00e3o-Express-Bauru-4-300x300.jpg 300w, https:\/\/galpaobauru.com.br\/wp-content\/uploads\/2017\/10\/Galp\u00e3o-Express-Bauru-4-150x150.jpg 150w, https:\/\/galpaobauru.com.br\/wp-content\/uploads\/2017\/10\/Galp\u00e3o-Express-Bauru-4-270x270.jpg 270w, https:\/\/galpaobauru.com.br\/wp-content\/uploads\/2017\/10\/Galp\u00e3o-Express-Bauru-4-230x230.jpg 230w, https:\/\/galpaobauru.com.br\/wp-content\/uploads\/2017\/10\/Galp\u00e3o-Express-Bauru-4.jpg 600w\" sizes=\"(max-width: 300px) 100vw, 300px\" \/><\/a>\n\t\t\t<\/div><\/figure><figure class='gallery-item'>\n\t\t\t<div class='gallery-icon landscape'>\n\t\t\t\t<a data-elementor-open-lightbox=\"yes\" data-elementor-lightbox-slideshow=\"e8319c4\" data-elementor-lightbox-title=\"Galp\u00e3o Express Bauru (6)\" data-e-action-hash=\"#elementor-action%3Aaction%3Dlightbox%26settings%3DeyJpZCI6ODEsInVybCI6Imh0dHBzOlwvXC9nYWxwYW9iYXVydS5jb20uYnJcL3dwLWNvbnRlbnRcL3VwbG9hZHNcLzIwMTdcLzEwXC9HYWxwXHUwMGUzby1FeHByZXNzLUJhdXJ1LTYuanBnIiwic2xpZGVzaG93IjoiZTgzMTljNCJ9\" href='https:\/\/galpaobauru.com.br\/wp-content\/uploads\/2017\/10\/Galp\u00e3o-Express-Bauru-6.jpg'><img decoding=\"async\" width=\"300\" height=\"300\" src=\"https:\/\/galpaobauru.com.br\/wp-content\/uploads\/2017\/10\/Galp\u00e3o-Express-Bauru-6-300x300.jpg\" class=\"attachment-medium size-medium\" alt=\"\" srcset=\"https:\/\/galpaobauru.com.br\/wp-content\/uploads\/2017\/10\/Galp\u00e3o-Express-Bauru-6-300x300.jpg 300w, https:\/\/galpaobauru.com.br\/wp-content\/uploads\/2017\/10\/Galp\u00e3o-Express-Bauru-6-150x150.jpg 150w, https:\/\/galpaobauru.com.br\/wp-content\/uploads\/2017\/10\/Galp\u00e3o-Express-Bauru-6-270x270.jpg 270w, https:\/\/galpaobauru.com.br\/wp-content\/uploads\/2017\/10\/Galp\u00e3o-Express-Bauru-6-230x230.jpg 230w, https:\/\/galpaobauru.com.br\/wp-content\/uploads\/2017\/10\/Galp\u00e3o-Express-Bauru-6.jpg 600w\" sizes=\"(max-width: 300px) 100vw, 300px\" \/><\/a>\n\t\t\t<\/div><\/figure><figure class='gallery-item'>\n\t\t\t<div class='gallery-icon landscape'>\n\t\t\t\t<a data-elementor-open-lightbox=\"yes\" data-elementor-lightbox-slideshow=\"e8319c4\" data-elementor-lightbox-title=\"Galp\u00e3o Express Bauru (5)\" data-e-action-hash=\"#elementor-action%3Aaction%3Dlightbox%26settings%3DeyJpZCI6ODAsInVybCI6Imh0dHBzOlwvXC9nYWxwYW9iYXVydS5jb20uYnJcL3dwLWNvbnRlbnRcL3VwbG9hZHNcLzIwMTdcLzEwXC9HYWxwXHUwMGUzby1FeHByZXNzLUJhdXJ1LTUuanBnIiwic2xpZGVzaG93IjoiZTgzMTljNCJ9\" href='https:\/\/galpaobauru.com.br\/wp-content\/uploads\/2017\/10\/Galp\u00e3o-Express-Bauru-5.jpg'><img loading=\"lazy\" decoding=\"async\" width=\"300\" height=\"300\" src=\"https:\/\/galpaobauru.com.br\/wp-content\/uploads\/2017\/10\/Galp\u00e3o-Express-Bauru-5-300x300.jpg\" class=\"attachment-medium size-medium\" alt=\"\" srcset=\"https:\/\/galpaobauru.com.br\/wp-content\/uploads\/2017\/10\/Galp\u00e3o-Express-Bauru-5-300x300.jpg 300w, https:\/\/galpaobauru.com.br\/wp-content\/uploads\/2017\/10\/Galp\u00e3o-Express-Bauru-5-150x150.jpg 150w, https:\/\/galpaobauru.com.br\/wp-content\/uploads\/2017\/10\/Galp\u00e3o-Express-Bauru-5-270x270.jpg 270w, https:\/\/galpaobauru.com.br\/wp-content\/uploads\/2017\/10\/Galp\u00e3o-Express-Bauru-5-230x230.jpg 230w, https:\/\/galpaobauru.com.br\/wp-content\/uploads\/2017\/10\/Galp\u00e3o-Express-Bauru-5.jpg 600w\" sizes=\"(max-width: 300px) 100vw, 300px\" \/><\/a>\n\t\t\t<\/div><\/figure><figure class='gallery-item'>\n\t\t\t<div class='gallery-icon landscape'>\n\t\t\t\t<a data-elementor-open-lightbox=\"yes\" data-elementor-lightbox-slideshow=\"e8319c4\" data-elementor-lightbox-title=\"Galp\u00e3o Express Bauru (1)\" data-e-action-hash=\"#elementor-action%3Aaction%3Dlightbox%26settings%3DeyJpZCI6ODMsInVybCI6Imh0dHBzOlwvXC9nYWxwYW9iYXVydS5jb20uYnJcL3dwLWNvbnRlbnRcL3VwbG9hZHNcLzIwMTdcLzEwXC9HYWxwXHUwMGUzby1FeHByZXNzLUJhdXJ1LTEuanBnIiwic2xpZGVzaG93IjoiZTgzMTljNCJ9\" href='https:\/\/galpaobauru.com.br\/wp-content\/uploads\/2017\/10\/Galp\u00e3o-Express-Bauru-1.jpg'><img loading=\"lazy\" decoding=\"async\" width=\"300\" height=\"300\" src=\"https:\/\/galpaobauru.com.br\/wp-content\/uploads\/2017\/10\/Galp\u00e3o-Express-Bauru-1-300x300.jpg\" class=\"attachment-medium size-medium\" alt=\"\" srcset=\"https:\/\/galpaobauru.com.br\/wp-content\/uploads\/2017\/10\/Galp\u00e3o-Express-Bauru-1-300x300.jpg 300w, https:\/\/galpaobauru.com.br\/wp-content\/uploads\/2017\/10\/Galp\u00e3o-Express-Bauru-1-150x150.jpg 150w, https:\/\/galpaobauru.com.br\/wp-content\/uploads\/2017\/10\/Galp\u00e3o-Express-Bauru-1-270x270.jpg 270w, https:\/\/galpaobauru.com.br\/wp-content\/uploads\/2017\/10\/Galp\u00e3o-Express-Bauru-1-230x230.jpg 230w, https:\/\/galpaobauru.com.br\/wp-content\/uploads\/2017\/10\/Galp\u00e3o-Express-Bauru-1.jpg 600w\" sizes=\"(max-width: 300px) 100vw, 300px\" \/><\/a>\n\t\t\t<\/div><\/figure><figure class='gallery-item'>\n\t\t\t<div class='gallery-icon landscape'>\n\t\t\t\t<a data-elementor-open-lightbox=\"yes\" data-elementor-lightbox-slideshow=\"e8319c4\" data-elementor-lightbox-title=\"Galp\u00e3o Express Bauru (2)\" data-e-action-hash=\"#elementor-action%3Aaction%3Dlightbox%26settings%3DeyJpZCI6ODQsInVybCI6Imh0dHBzOlwvXC9nYWxwYW9iYXVydS5jb20uYnJcL3dwLWNvbnRlbnRcL3VwbG9hZHNcLzIwMTdcLzEwXC9HYWxwXHUwMGUzby1FeHByZXNzLUJhdXJ1LTIuanBnIiwic2xpZGVzaG93IjoiZTgzMTljNCJ9\" href='https:\/\/galpaobauru.com.br\/wp-content\/uploads\/2017\/10\/Galp\u00e3o-Express-Bauru-2.jpg'><img loading=\"lazy\" decoding=\"async\" width=\"300\" height=\"300\" src=\"https:\/\/galpaobauru.com.br\/wp-content\/uploads\/2017\/10\/Galp\u00e3o-Express-Bauru-2-300x300.jpg\" class=\"attachment-medium size-medium\" alt=\"\" srcset=\"https:\/\/galpaobauru.com.br\/wp-content\/uploads\/2017\/10\/Galp\u00e3o-Express-Bauru-2-300x300.jpg 300w, https:\/\/galpaobauru.com.br\/wp-content\/uploads\/2017\/10\/Galp\u00e3o-Express-Bauru-2-150x150.jpg 150w, https:\/\/galpaobauru.com.br\/wp-content\/uploads\/2017\/10\/Galp\u00e3o-Express-Bauru-2-270x270.jpg 270w, https:\/\/galpaobauru.com.br\/wp-content\/uploads\/2017\/10\/Galp\u00e3o-Express-Bauru-2-230x230.jpg 230w, https:\/\/galpaobauru.com.br\/wp-content\/uploads\/2017\/10\/Galp\u00e3o-Express-Bauru-2.jpg 600w\" sizes=\"(max-width: 300px) 100vw, 300px\" \/><\/a>\n\t\t\t<\/div><\/figure><figure class='gallery-item'>\n\t\t\t<div class='gallery-icon landscape'>\n\t\t\t\t<a data-elementor-open-lightbox=\"yes\" data-elementor-lightbox-slideshow=\"e8319c4\" data-elementor-lightbox-title=\"Galp\u00e3o Express Bauru (3)\" data-e-action-hash=\"#elementor-action%3Aaction%3Dlightbox%26settings%3DeyJpZCI6ODUsInVybCI6Imh0dHBzOlwvXC9nYWxwYW9iYXVydS5jb20uYnJcL3dwLWNvbnRlbnRcL3VwbG9hZHNcLzIwMTdcLzEwXC9HYWxwXHUwMGUzby1FeHByZXNzLUJhdXJ1LTMuanBnIiwic2xpZGVzaG93IjoiZTgzMTljNCJ9\" href='https:\/\/galpaobauru.com.br\/wp-content\/uploads\/2017\/10\/Galp\u00e3o-Express-Bauru-3.jpg'><img loading=\"lazy\" decoding=\"async\" width=\"300\" height=\"300\" src=\"https:\/\/galpaobauru.com.br\/wp-content\/uploads\/2017\/10\/Galp\u00e3o-Express-Bauru-3-300x300.jpg\" class=\"attachment-medium size-medium\" alt=\"\" srcset=\"https:\/\/galpaobauru.com.br\/wp-content\/uploads\/2017\/10\/Galp\u00e3o-Express-Bauru-3-300x300.jpg 300w, https:\/\/galpaobauru.com.br\/wp-content\/uploads\/2017\/10\/Galp\u00e3o-Express-Bauru-3-150x150.jpg 150w, https:\/\/galpaobauru.com.br\/wp-content\/uploads\/2017\/10\/Galp\u00e3o-Express-Bauru-3-270x270.jpg 270w, https:\/\/galpaobauru.com.br\/wp-content\/uploads\/2017\/10\/Galp\u00e3o-Express-Bauru-3-230x230.jpg 230w, https:\/\/galpaobauru.com.br\/wp-content\/uploads\/2017\/10\/Galp\u00e3o-Express-Bauru-3.jpg 600w\" sizes=\"(max-width: 300px) 100vw, 300px\" \/><\/a>\n\t\t\t<\/div><\/figure><figure class='gallery-item'>\n\t\t\t<div class='gallery-icon landscape'>\n\t\t\t\t<a data-elementor-open-lightbox=\"yes\" data-elementor-lightbox-slideshow=\"e8319c4\" data-elementor-lightbox-title=\"Galp\u00e3o Auto Express Bauru (4)\" data-e-action-hash=\"#elementor-action%3Aaction%3Dlightbox%26settings%3DeyJpZCI6MjU5LCJ1cmwiOiJodHRwczpcL1wvZ2FscGFvYmF1cnUuY29tLmJyXC93cC1jb250ZW50XC91cGxvYWRzXC8yMDE3XC8xMVwvR2FscFx1MDBlM28tQXV0by1FeHByZXNzLUJhdXJ1LTQtMS5qcGciLCJzbGlkZXNob3ciOiJlODMxOWM0In0%3D\" href='https:\/\/galpaobauru.com.br\/wp-content\/uploads\/2017\/11\/Galp\u00e3o-Auto-Express-Bauru-4-1.jpg'><img loading=\"lazy\" decoding=\"async\" width=\"300\" height=\"300\" src=\"https:\/\/galpaobauru.com.br\/wp-content\/uploads\/2017\/11\/Galp\u00e3o-Auto-Express-Bauru-4-1-300x300.jpg\" class=\"attachment-medium size-medium\" alt=\"\" srcset=\"https:\/\/galpaobauru.com.br\/wp-content\/uploads\/2017\/11\/Galp\u00e3o-Auto-Express-Bauru-4-1-300x300.jpg 300w, https:\/\/galpaobauru.com.br\/wp-content\/uploads\/2017\/11\/Galp\u00e3o-Auto-Express-Bauru-4-1-150x150.jpg 150w, https:\/\/galpaobauru.com.br\/wp-content\/uploads\/2017\/11\/Galp\u00e3o-Auto-Express-Bauru-4-1.jpg 600w\" sizes=\"(max-width: 300px) 100vw, 300px\" \/><\/a>\n\t\t\t<\/div><\/figure>\n\t\t<\/div>\n\t\t<\/div>\n\t\t\t\t\t\t<\/div>\n\t\t\t\t<\/div>\n\t\t\t\t\t<\/div>\n\t\t<\/div>\n\t\t\t\t\t<\/div>\n\t\t<\/section>\n\t\t\t\t<\/div>\n\t\t","protected":false},"excerpt":{"rendered":"<p>A empresa Galp\u00e3o Auto Express \u00e9 especialista em REPAROS R\u00c1PIDOS. Oferecemos ao mercado automotivo as melhores t\u00e9cnicas de reparos dispon\u00edveis no mundo, garantindo sempre o&hellip;<\/p>\n","protected":false},"author":2,"featured_media":0,"parent":0,"menu_order":0,"comment_status":"closed","ping_status":"closed","template":"","meta":{"_joinchat":[],"footnotes":""},"class_list":["post-78","page","type-page","status-publish","hentry"],"_links":{"self":[{"href":"https:\/\/galpaobauru.com.br\/index.php\/wp-json\/wp\/v2\/pages\/78","targetHints":{"allow":["GET"]}}],"collection":[{"href":"https:\/\/galpaobauru.com.br\/index.php\/wp-json\/wp\/v2\/pages"}],"about":[{"href":"https:\/\/galpaobauru.com.br\/index.php\/wp-json\/wp\/v2\/types\/page"}],"author":[{"embeddable":true,"href":"https:\/\/galpaobauru.com.br\/index.php\/wp-json\/wp\/v2\/users\/2"}],"replies":[{"embeddable":true,"href":"https:\/\/galpaobauru.com.br\/index.php\/wp-json\/wp\/v2\/comments?post=78"}],"version-history":[{"count":4,"href":"https:\/\/galpaobauru.com.br\/index.php\/wp-json\/wp\/v2\/pages\/78\/revisions"}],"predecessor-version":[{"id":316,"href":"https:\/\/galpaobauru.com.br\/index.php\/wp-json\/wp\/v2\/pages\/78\/revisions\/316"}],"wp:attachment":[{"href":"https:\/\/galpaobauru.com.br\/index.php\/wp-json\/wp\/v2\/media?parent=78"}],"curies":[{"name":"wp","href":"https:\/\/api.w.org\/{rel}","templated":true}]}}