{"id":576,"date":"2024-04-18T10:26:19","date_gmt":"2024-04-18T13:26:19","guid":{"rendered":"https:\/\/galpaobauru.com.br\/?page_id=576"},"modified":"2024-04-18T10:41:29","modified_gmt":"2024-04-18T13:41:29","slug":"oficina-credenciada","status":"publish","type":"page","link":"https:\/\/galpaobauru.com.br\/index.php\/oficina-credenciada\/","title":{"rendered":"Oficina Credenciada"},"content":{"rendered":"\t\t<div data-elementor-type=\"wp-page\" data-elementor-id=\"576\" class=\"elementor elementor-576\">\n\t\t\t\t\t\t<section class=\"elementor-section elementor-top-section elementor-element elementor-element-2c5fe9f elementor-section-boxed elementor-section-height-default elementor-section-height-default\" data-id=\"2c5fe9f\" data-element_type=\"section\">\n\t\t\t\t\t\t<div class=\"elementor-container elementor-column-gap-default\">\n\t\t\t\t\t<div class=\"elementor-column elementor-col-100 elementor-top-column elementor-element elementor-element-5a10b63\" data-id=\"5a10b63\" data-element_type=\"column\">\n\t\t\t<div class=\"elementor-widget-wrap elementor-element-populated\">\n\t\t\t\t\t\t<div class=\"elementor-element elementor-element-5e34725 elementor-widget elementor-widget-text-editor\" data-id=\"5e34725\" data-element_type=\"widget\" data-widget_type=\"text-editor.default\">\n\t\t\t\t<div class=\"elementor-widget-container\">\n\t\t\t\t\t\t\t\t\t<p>Oficina credenciada<\/p>\t\t\t\t\t\t\t\t<\/div>\n\t\t\t\t<\/div>\n\t\t\t\t\t<\/div>\n\t\t<\/div>\n\t\t\t\t\t<\/div>\n\t\t<\/section>\n\t\t\t\t<section class=\"elementor-section elementor-top-section elementor-element elementor-element-4ef4e18 elementor-section-boxed elementor-section-height-default elementor-section-height-default\" data-id=\"4ef4e18\" data-element_type=\"section\">\n\t\t\t\t\t\t<div class=\"elementor-container elementor-column-gap-default\">\n\t\t\t\t\t<div class=\"elementor-column elementor-col-100 elementor-top-column elementor-element elementor-element-feb2112\" data-id=\"feb2112\" data-element_type=\"column\">\n\t\t\t<div class=\"elementor-widget-wrap elementor-element-populated\">\n\t\t\t\t\t\t<div class=\"elementor-element elementor-element-e555033 elementor-widget elementor-widget-text-editor\" data-id=\"e555033\" data-element_type=\"widget\" data-widget_type=\"text-editor.default\">\n\t\t\t\t<div class=\"elementor-widget-container\">\n\t\t\t\t\t\t\t\t\t<p>Nossa oficina credenciada garante qualidade em cada servi\u00e7o prestado, desde o diagn\u00f3stico at\u00e9 a conclus\u00e3o. Com t\u00e9cnicos especializados e equipamentos de ponta, garantimos precis\u00e3o e cuidado em todos os reparos. Priorizamos a transpar\u00eancia, comunicando claramente os problemas encontrados e as solu\u00e7\u00f5es propostas. Nosso objetivo \u00e9 superar expectativas e proporcionar total satisfa\u00e7\u00e3o aos clientes. Confie em n\u00f3s para manter seu ve\u00edculo em perfeitas condi\u00e7\u00f5es.<\/p>\t\t\t\t\t\t\t\t<\/div>\n\t\t\t\t<\/div>\n\t\t\t\t\t<\/div>\n\t\t<\/div>\n\t\t\t\t\t<\/div>\n\t\t<\/section>\n\t\t\t\t<section class=\"elementor-section elementor-top-section elementor-element elementor-element-e3f1af1 elementor-section-boxed elementor-section-height-default elementor-section-height-default\" data-id=\"e3f1af1\" data-element_type=\"section\">\n\t\t\t\t\t\t<div class=\"elementor-container elementor-column-gap-default\">\n\t\t\t\t\t<div class=\"elementor-column elementor-col-33 elementor-top-column elementor-element elementor-element-4dc1871\" data-id=\"4dc1871\" data-element_type=\"column\">\n\t\t\t<div class=\"elementor-widget-wrap elementor-element-populated\">\n\t\t\t\t\t\t<div class=\"elementor-element elementor-element-7e62d8a elementor-widget elementor-widget-image\" data-id=\"7e62d8a\" data-element_type=\"widget\" data-widget_type=\"image.default\">\n\t\t\t\t<div class=\"elementor-widget-container\">\n\t\t\t\t\t\t\t\t\t\t\t\t\t\t\t<img fetchpriority=\"high\" decoding=\"async\" width=\"843\" height=\"843\" src=\"https:\/\/galpaobauru.com.br\/wp-content\/uploads\/2024\/04\/Galpao-Auto-express-oficina-credenciada-Tokio-Marine-Bradesco-seguros-Azul-seguros-Porto-seguros-hdi-seguros-itau-seguros-liberty-seguros-bauru-1-1024x1024.png\" class=\"attachment-large size-large wp-image-561\" alt=\"\" srcset=\"https:\/\/galpaobauru.com.br\/wp-content\/uploads\/2024\/04\/Galpao-Auto-express-oficina-credenciada-Tokio-Marine-Bradesco-seguros-Azul-seguros-Porto-seguros-hdi-seguros-itau-seguros-liberty-seguros-bauru-1-1024x1024.png 1024w, https:\/\/galpaobauru.com.br\/wp-content\/uploads\/2024\/04\/Galpao-Auto-express-oficina-credenciada-Tokio-Marine-Bradesco-seguros-Azul-seguros-Porto-seguros-hdi-seguros-itau-seguros-liberty-seguros-bauru-1-300x300.png 300w, https:\/\/galpaobauru.com.br\/wp-content\/uploads\/2024\/04\/Galpao-Auto-express-oficina-credenciada-Tokio-Marine-Bradesco-seguros-Azul-seguros-Porto-seguros-hdi-seguros-itau-seguros-liberty-seguros-bauru-1-150x150.png 150w, https:\/\/galpaobauru.com.br\/wp-content\/uploads\/2024\/04\/Galpao-Auto-express-oficina-credenciada-Tokio-Marine-Bradesco-seguros-Azul-seguros-Porto-seguros-hdi-seguros-itau-seguros-liberty-seguros-bauru-1-768x768.png 768w, https:\/\/galpaobauru.com.br\/wp-content\/uploads\/2024\/04\/Galpao-Auto-express-oficina-credenciada-Tokio-Marine-Bradesco-seguros-Azul-seguros-Porto-seguros-hdi-seguros-itau-seguros-liberty-seguros-bauru-1.png 1080w\" sizes=\"(max-width: 843px) 100vw, 843px\" \/>\t\t\t\t\t\t\t\t\t\t\t\t\t\t\t<\/div>\n\t\t\t\t<\/div>\n\t\t\t\t<div class=\"elementor-element elementor-element-4f1962a elementor-widget elementor-widget-image\" data-id=\"4f1962a\" data-element_type=\"widget\" data-widget_type=\"image.default\">\n\t\t\t\t<div class=\"elementor-widget-container\">\n\t\t\t\t\t\t\t\t\t\t\t\t\t\t\t<img decoding=\"async\" width=\"843\" height=\"843\" src=\"https:\/\/galpaobauru.com.br\/wp-content\/uploads\/2024\/04\/Galpao-Auto-express-oficina-credenciada-Tokio-Marine-Bradesco-seguros-Azul-seguros-Porto-seguros-hdi-seguros-itau-seguros-liberty-seguros-bauru-4-1024x1024.png\" class=\"attachment-large size-large wp-image-564\" alt=\"\" srcset=\"https:\/\/galpaobauru.com.br\/wp-content\/uploads\/2024\/04\/Galpao-Auto-express-oficina-credenciada-Tokio-Marine-Bradesco-seguros-Azul-seguros-Porto-seguros-hdi-seguros-itau-seguros-liberty-seguros-bauru-4-1024x1024.png 1024w, https:\/\/galpaobauru.com.br\/wp-content\/uploads\/2024\/04\/Galpao-Auto-express-oficina-credenciada-Tokio-Marine-Bradesco-seguros-Azul-seguros-Porto-seguros-hdi-seguros-itau-seguros-liberty-seguros-bauru-4-300x300.png 300w, https:\/\/galpaobauru.com.br\/wp-content\/uploads\/2024\/04\/Galpao-Auto-express-oficina-credenciada-Tokio-Marine-Bradesco-seguros-Azul-seguros-Porto-seguros-hdi-seguros-itau-seguros-liberty-seguros-bauru-4-150x150.png 150w, https:\/\/galpaobauru.com.br\/wp-content\/uploads\/2024\/04\/Galpao-Auto-express-oficina-credenciada-Tokio-Marine-Bradesco-seguros-Azul-seguros-Porto-seguros-hdi-seguros-itau-seguros-liberty-seguros-bauru-4-768x768.png 768w, https:\/\/galpaobauru.com.br\/wp-content\/uploads\/2024\/04\/Galpao-Auto-express-oficina-credenciada-Tokio-Marine-Bradesco-seguros-Azul-seguros-Porto-seguros-hdi-seguros-itau-seguros-liberty-seguros-bauru-4.png 1080w\" sizes=\"(max-width: 843px) 100vw, 843px\" \/>\t\t\t\t\t\t\t\t\t\t\t\t\t\t\t<\/div>\n\t\t\t\t<\/div>\n\t\t\t\t\t<\/div>\n\t\t<\/div>\n\t\t\t\t<div class=\"elementor-column elementor-col-33 elementor-top-column elementor-element elementor-element-17de28f\" data-id=\"17de28f\" data-element_type=\"column\">\n\t\t\t<div class=\"elementor-widget-wrap elementor-element-populated\">\n\t\t\t\t\t\t<div class=\"elementor-element elementor-element-3788b26 elementor-widget elementor-widget-image\" data-id=\"3788b26\" data-element_type=\"widget\" data-widget_type=\"image.default\">\n\t\t\t\t<div class=\"elementor-widget-container\">\n\t\t\t\t\t\t\t\t\t\t\t\t\t\t\t<img decoding=\"async\" width=\"843\" height=\"843\" src=\"https:\/\/galpaobauru.com.br\/wp-content\/uploads\/2024\/04\/Galpao-Auto-express-oficina-credenciada-Tokio-Marine-Bradesco-seguros-Azul-seguros-Porto-seguros-hdi-seguros-itau-seguros-liberty-seguros-bauru-2-1024x1024.png\" class=\"attachment-large size-large wp-image-562\" alt=\"\" srcset=\"https:\/\/galpaobauru.com.br\/wp-content\/uploads\/2024\/04\/Galpao-Auto-express-oficina-credenciada-Tokio-Marine-Bradesco-seguros-Azul-seguros-Porto-seguros-hdi-seguros-itau-seguros-liberty-seguros-bauru-2-1024x1024.png 1024w, https:\/\/galpaobauru.com.br\/wp-content\/uploads\/2024\/04\/Galpao-Auto-express-oficina-credenciada-Tokio-Marine-Bradesco-seguros-Azul-seguros-Porto-seguros-hdi-seguros-itau-seguros-liberty-seguros-bauru-2-300x300.png 300w, https:\/\/galpaobauru.com.br\/wp-content\/uploads\/2024\/04\/Galpao-Auto-express-oficina-credenciada-Tokio-Marine-Bradesco-seguros-Azul-seguros-Porto-seguros-hdi-seguros-itau-seguros-liberty-seguros-bauru-2-150x150.png 150w, https:\/\/galpaobauru.com.br\/wp-content\/uploads\/2024\/04\/Galpao-Auto-express-oficina-credenciada-Tokio-Marine-Bradesco-seguros-Azul-seguros-Porto-seguros-hdi-seguros-itau-seguros-liberty-seguros-bauru-2-768x768.png 768w, https:\/\/galpaobauru.com.br\/wp-content\/uploads\/2024\/04\/Galpao-Auto-express-oficina-credenciada-Tokio-Marine-Bradesco-seguros-Azul-seguros-Porto-seguros-hdi-seguros-itau-seguros-liberty-seguros-bauru-2.png 1080w\" sizes=\"(max-width: 843px) 100vw, 843px\" \/>\t\t\t\t\t\t\t\t\t\t\t\t\t\t\t<\/div>\n\t\t\t\t<\/div>\n\t\t\t\t<div class=\"elementor-element elementor-element-2583482 elementor-widget elementor-widget-image\" data-id=\"2583482\" data-element_type=\"widget\" data-widget_type=\"image.default\">\n\t\t\t\t<div class=\"elementor-widget-container\">\n\t\t\t\t\t\t\t\t\t\t\t\t\t\t\t<img decoding=\"async\" src=\"https:\/\/galpaobauru.com.br\/wp-content\/uploads\/2024\/04\/Galpao-Auto-express-oficina-credenciada-Tokio-Marine-Bradesco-seguros-Azul-seguros-Porto-seguros-hdi-seguros-itau-seguros-liberty-seguros-bauru-6.png\" title=\"\" alt=\"\" loading=\"lazy\" \/>\t\t\t\t\t\t\t\t\t\t\t\t\t\t\t<\/div>\n\t\t\t\t<\/div>\n\t\t\t\t\t<\/div>\n\t\t<\/div>\n\t\t\t\t<div class=\"elementor-column elementor-col-33 elementor-top-column elementor-element elementor-element-7d0df40\" data-id=\"7d0df40\" data-element_type=\"column\">\n\t\t\t<div class=\"elementor-widget-wrap elementor-element-populated\">\n\t\t\t\t\t\t<div class=\"elementor-element elementor-element-e1d38c5 elementor-widget elementor-widget-image\" data-id=\"e1d38c5\" data-element_type=\"widget\" data-widget_type=\"image.default\">\n\t\t\t\t<div class=\"elementor-widget-container\">\n\t\t\t\t\t\t\t\t\t\t\t\t\t\t\t<img loading=\"lazy\" decoding=\"async\" width=\"843\" height=\"843\" src=\"https:\/\/galpaobauru.com.br\/wp-content\/uploads\/2024\/04\/Galpao-Auto-express-oficina-credenciada-Tokio-Marine-Bradesco-seguros-Azul-seguros-Porto-seguros-hdi-seguros-itau-seguros-liberty-seguros-bauru-3-1024x1024.png\" class=\"attachment-large size-large wp-image-563\" alt=\"\" srcset=\"https:\/\/galpaobauru.com.br\/wp-content\/uploads\/2024\/04\/Galpao-Auto-express-oficina-credenciada-Tokio-Marine-Bradesco-seguros-Azul-seguros-Porto-seguros-hdi-seguros-itau-seguros-liberty-seguros-bauru-3-1024x1024.png 1024w, https:\/\/galpaobauru.com.br\/wp-content\/uploads\/2024\/04\/Galpao-Auto-express-oficina-credenciada-Tokio-Marine-Bradesco-seguros-Azul-seguros-Porto-seguros-hdi-seguros-itau-seguros-liberty-seguros-bauru-3-300x300.png 300w, https:\/\/galpaobauru.com.br\/wp-content\/uploads\/2024\/04\/Galpao-Auto-express-oficina-credenciada-Tokio-Marine-Bradesco-seguros-Azul-seguros-Porto-seguros-hdi-seguros-itau-seguros-liberty-seguros-bauru-3-150x150.png 150w, https:\/\/galpaobauru.com.br\/wp-content\/uploads\/2024\/04\/Galpao-Auto-express-oficina-credenciada-Tokio-Marine-Bradesco-seguros-Azul-seguros-Porto-seguros-hdi-seguros-itau-seguros-liberty-seguros-bauru-3-768x768.png 768w, https:\/\/galpaobauru.com.br\/wp-content\/uploads\/2024\/04\/Galpao-Auto-express-oficina-credenciada-Tokio-Marine-Bradesco-seguros-Azul-seguros-Porto-seguros-hdi-seguros-itau-seguros-liberty-seguros-bauru-3.png 1080w\" sizes=\"(max-width: 843px) 100vw, 843px\" \/>\t\t\t\t\t\t\t\t\t\t\t\t\t\t\t<\/div>\n\t\t\t\t<\/div>\n\t\t\t\t<div class=\"elementor-element elementor-element-60c7fbc elementor-widget elementor-widget-image\" data-id=\"60c7fbc\" data-element_type=\"widget\" data-widget_type=\"image.default\">\n\t\t\t\t<div class=\"elementor-widget-container\">\n\t\t\t\t\t\t\t\t\t\t\t\t\t\t\t<img loading=\"lazy\" decoding=\"async\" width=\"843\" height=\"843\" src=\"https:\/\/galpaobauru.com.br\/wp-content\/uploads\/2024\/04\/Galpao-Auto-express-oficina-credenciada-Tokio-Marine-Bradesco-seguros-Azul-seguros-Porto-seguros-hdi-seguros-itau-seguros-liberty-seguros-bauru-5-1024x1024.png\" class=\"attachment-large size-large wp-image-565\" alt=\"\" srcset=\"https:\/\/galpaobauru.com.br\/wp-content\/uploads\/2024\/04\/Galpao-Auto-express-oficina-credenciada-Tokio-Marine-Bradesco-seguros-Azul-seguros-Porto-seguros-hdi-seguros-itau-seguros-liberty-seguros-bauru-5-1024x1024.png 1024w, https:\/\/galpaobauru.com.br\/wp-content\/uploads\/2024\/04\/Galpao-Auto-express-oficina-credenciada-Tokio-Marine-Bradesco-seguros-Azul-seguros-Porto-seguros-hdi-seguros-itau-seguros-liberty-seguros-bauru-5-300x300.png 300w, https:\/\/galpaobauru.com.br\/wp-content\/uploads\/2024\/04\/Galpao-Auto-express-oficina-credenciada-Tokio-Marine-Bradesco-seguros-Azul-seguros-Porto-seguros-hdi-seguros-itau-seguros-liberty-seguros-bauru-5-150x150.png 150w, https:\/\/galpaobauru.com.br\/wp-content\/uploads\/2024\/04\/Galpao-Auto-express-oficina-credenciada-Tokio-Marine-Bradesco-seguros-Azul-seguros-Porto-seguros-hdi-seguros-itau-seguros-liberty-seguros-bauru-5-768x768.png 768w, https:\/\/galpaobauru.com.br\/wp-content\/uploads\/2024\/04\/Galpao-Auto-express-oficina-credenciada-Tokio-Marine-Bradesco-seguros-Azul-seguros-Porto-seguros-hdi-seguros-itau-seguros-liberty-seguros-bauru-5.png 1080w\" sizes=\"(max-width: 843px) 100vw, 843px\" \/>\t\t\t\t\t\t\t\t\t\t\t\t\t\t\t<\/div>\n\t\t\t\t<\/div>\n\t\t\t\t\t<\/div>\n\t\t<\/div>\n\t\t\t\t\t<\/div>\n\t\t<\/section>\n\t\t\t\t<section class=\"elementor-section elementor-top-section elementor-element elementor-element-4ee18f0 elementor-section-boxed elementor-section-height-default elementor-section-height-default\" data-id=\"4ee18f0\" data-element_type=\"section\">\n\t\t\t\t\t\t<div class=\"elementor-container elementor-column-gap-default\">\n\t\t\t\t\t<div class=\"elementor-column elementor-col-100 elementor-top-column elementor-element elementor-element-8a6b0e4\" data-id=\"8a6b0e4\" data-element_type=\"column\">\n\t\t\t<div class=\"elementor-widget-wrap elementor-element-populated\">\n\t\t\t\t\t\t<div class=\"elementor-element elementor-element-32db8fe elementor-widget elementor-widget-text-editor\" data-id=\"32db8fe\" data-element_type=\"widget\" data-widget_type=\"text-editor.default\">\n\t\t\t\t<div class=\"elementor-widget-container\">\n\t\t\t\t\t\t\t\t\t<p><strong>Localiza\u00e7\u00e3o<\/strong><br><\/p>\t\t\t\t\t\t\t\t<\/div>\n\t\t\t\t<\/div>\n\t\t\t\t\t<\/div>\n\t\t<\/div>\n\t\t\t\t\t<\/div>\n\t\t<\/section>\n\t\t\t\t<section class=\"elementor-section elementor-top-section elementor-element elementor-element-3661e02 elementor-section-boxed elementor-section-height-default elementor-section-height-default\" data-id=\"3661e02\" data-element_type=\"section\">\n\t\t\t\t\t\t<div class=\"elementor-container elementor-column-gap-default\">\n\t\t\t\t\t<div class=\"elementor-column elementor-col-33 elementor-top-column elementor-element elementor-element-8fc489a\" data-id=\"8fc489a\" data-element_type=\"column\">\n\t\t\t<div class=\"elementor-widget-wrap elementor-element-populated\">\n\t\t\t\t\t\t<div class=\"elementor-element elementor-element-1539d15 elementor-widget elementor-widget-text-editor\" data-id=\"1539d15\" data-element_type=\"widget\" data-widget_type=\"text-editor.default\">\n\t\t\t\t<div class=\"elementor-widget-container\">\n\t\t\t\t\t\t\t\t\t<p>Loja I: Av. Affonso Jos\u00e9 Aiello 6-26<\/p>\t\t\t\t\t\t\t\t<\/div>\n\t\t\t\t<\/div>\n\t\t\t\t<div class=\"elementor-element elementor-element-62dccbf elementor-widget elementor-widget-image\" data-id=\"62dccbf\" data-element_type=\"widget\" data-widget_type=\"image.default\">\n\t\t\t\t<div class=\"elementor-widget-container\">\n\t\t\t\t\t\t\t\t\t\t\t\t\t\t\t<img loading=\"lazy\" decoding=\"async\" width=\"843\" height=\"843\" src=\"https:\/\/galpaobauru.com.br\/wp-content\/uploads\/2023\/02\/Galpao-auto-express-em-Bauru-loja-1.jpg\" class=\"attachment-large size-large wp-image-507\" alt=\"\" srcset=\"https:\/\/galpaobauru.com.br\/wp-content\/uploads\/2023\/02\/Galpao-auto-express-em-Bauru-loja-1.jpg 1000w, https:\/\/galpaobauru.com.br\/wp-content\/uploads\/2023\/02\/Galpao-auto-express-em-Bauru-loja-1-300x300.jpg 300w, https:\/\/galpaobauru.com.br\/wp-content\/uploads\/2023\/02\/Galpao-auto-express-em-Bauru-loja-1-150x150.jpg 150w, https:\/\/galpaobauru.com.br\/wp-content\/uploads\/2023\/02\/Galpao-auto-express-em-Bauru-loja-1-768x768.jpg 768w\" sizes=\"(max-width: 843px) 100vw, 843px\" \/>\t\t\t\t\t\t\t\t\t\t\t\t\t\t\t<\/div>\n\t\t\t\t<\/div>\n\t\t\t\t\t<\/div>\n\t\t<\/div>\n\t\t\t\t<div class=\"elementor-column elementor-col-33 elementor-top-column elementor-element elementor-element-28bc52b\" data-id=\"28bc52b\" data-element_type=\"column\">\n\t\t\t<div class=\"elementor-widget-wrap elementor-element-populated\">\n\t\t\t\t\t\t<div class=\"elementor-element elementor-element-086f468 elementor-widget elementor-widget-text-editor\" data-id=\"086f468\" data-element_type=\"widget\" data-widget_type=\"text-editor.default\">\n\t\t\t\t<div class=\"elementor-widget-container\">\n\t\t\t\t\t\t\t\t\t<p>Loja II: Rua Elis\u00e1rio Franco 1-50<\/p>\t\t\t\t\t\t\t\t<\/div>\n\t\t\t\t<\/div>\n\t\t\t\t<div class=\"elementor-element elementor-element-c02db1c elementor-widget elementor-widget-image\" data-id=\"c02db1c\" data-element_type=\"widget\" data-widget_type=\"image.default\">\n\t\t\t\t<div class=\"elementor-widget-container\">\n\t\t\t\t\t\t\t\t\t\t\t\t\t\t\t<img loading=\"lazy\" decoding=\"async\" width=\"843\" height=\"843\" src=\"https:\/\/galpaobauru.com.br\/wp-content\/uploads\/2023\/02\/Galpao-auto-express-em-Bauru-loja-2.jpg\" class=\"attachment-large size-large wp-image-513\" alt=\"\" srcset=\"https:\/\/galpaobauru.com.br\/wp-content\/uploads\/2023\/02\/Galpao-auto-express-em-Bauru-loja-2.jpg 1000w, https:\/\/galpaobauru.com.br\/wp-content\/uploads\/2023\/02\/Galpao-auto-express-em-Bauru-loja-2-300x300.jpg 300w, https:\/\/galpaobauru.com.br\/wp-content\/uploads\/2023\/02\/Galpao-auto-express-em-Bauru-loja-2-150x150.jpg 150w, https:\/\/galpaobauru.com.br\/wp-content\/uploads\/2023\/02\/Galpao-auto-express-em-Bauru-loja-2-768x768.jpg 768w\" sizes=\"(max-width: 843px) 100vw, 843px\" \/>\t\t\t\t\t\t\t\t\t\t\t\t\t\t\t<\/div>\n\t\t\t\t<\/div>\n\t\t\t\t\t<\/div>\n\t\t<\/div>\n\t\t\t\t<div class=\"elementor-column elementor-col-33 elementor-top-column elementor-element elementor-element-5a2d7f2\" data-id=\"5a2d7f2\" data-element_type=\"column\">\n\t\t\t<div class=\"elementor-widget-wrap elementor-element-populated\">\n\t\t\t\t\t\t<div class=\"elementor-element elementor-element-1ce0c90 elementor-widget elementor-widget-text-editor\" data-id=\"1ce0c90\" data-element_type=\"widget\" data-widget_type=\"text-editor.default\">\n\t\t\t\t<div class=\"elementor-widget-container\">\n\t\t\t\t\t\t\t\t\t<p>Loja III: Rua Miguel Penha Corral 1-55<\/p>\t\t\t\t\t\t\t\t<\/div>\n\t\t\t\t<\/div>\n\t\t\t\t<div class=\"elementor-element elementor-element-28f7b8d elementor-widget elementor-widget-image\" data-id=\"28f7b8d\" data-element_type=\"widget\" data-widget_type=\"image.default\">\n\t\t\t\t<div class=\"elementor-widget-container\">\n\t\t\t\t\t\t\t\t\t\t\t\t\t\t\t<img loading=\"lazy\" decoding=\"async\" width=\"843\" height=\"843\" src=\"https:\/\/galpaobauru.com.br\/wp-content\/uploads\/2023\/02\/Galpao-auto-express-em-Bauru-Loja-3-1.jpg\" class=\"attachment-large size-large wp-image-508\" alt=\"\" srcset=\"https:\/\/galpaobauru.com.br\/wp-content\/uploads\/2023\/02\/Galpao-auto-express-em-Bauru-Loja-3-1.jpg 1000w, https:\/\/galpaobauru.com.br\/wp-content\/uploads\/2023\/02\/Galpao-auto-express-em-Bauru-Loja-3-1-300x300.jpg 300w, https:\/\/galpaobauru.com.br\/wp-content\/uploads\/2023\/02\/Galpao-auto-express-em-Bauru-Loja-3-1-150x150.jpg 150w, https:\/\/galpaobauru.com.br\/wp-content\/uploads\/2023\/02\/Galpao-auto-express-em-Bauru-Loja-3-1-768x768.jpg 768w\" sizes=\"(max-width: 843px) 100vw, 843px\" \/>\t\t\t\t\t\t\t\t\t\t\t\t\t\t\t<\/div>\n\t\t\t\t<\/div>\n\t\t\t\t\t<\/div>\n\t\t<\/div>\n\t\t\t\t\t<\/div>\n\t\t<\/section>\n\t\t\t\t<\/div>\n\t\t","protected":false},"excerpt":{"rendered":"<p>Oficina credenciada Nossa oficina credenciada garante qualidade em cada servi\u00e7o prestado, desde o diagn\u00f3stico at\u00e9 a conclus\u00e3o. Com t\u00e9cnicos especializados e equipamentos de ponta, garantimos&hellip;<\/p>\n","protected":false},"author":2,"featured_media":0,"parent":0,"menu_order":0,"comment_status":"closed","ping_status":"closed","template":"","meta":{"_joinchat":[],"footnotes":""},"class_list":["post-576","page","type-page","status-publish","hentry"],"_links":{"self":[{"href":"https:\/\/galpaobauru.com.br\/index.php\/wp-json\/wp\/v2\/pages\/576","targetHints":{"allow":["GET"]}}],"collection":[{"href":"https:\/\/galpaobauru.com.br\/index.php\/wp-json\/wp\/v2\/pages"}],"about":[{"href":"https:\/\/galpaobauru.com.br\/index.php\/wp-json\/wp\/v2\/types\/page"}],"author":[{"embeddable":true,"href":"https:\/\/galpaobauru.com.br\/index.php\/wp-json\/wp\/v2\/users\/2"}],"replies":[{"embeddable":true,"href":"https:\/\/galpaobauru.com.br\/index.php\/wp-json\/wp\/v2\/comments?post=576"}],"version-history":[{"count":16,"href":"https:\/\/galpaobauru.com.br\/index.php\/wp-json\/wp\/v2\/pages\/576\/revisions"}],"predecessor-version":[{"id":594,"href":"https:\/\/galpaobauru.com.br\/index.php\/wp-json\/wp\/v2\/pages\/576\/revisions\/594"}],"wp:attachment":[{"href":"https:\/\/galpaobauru.com.br\/index.php\/wp-json\/wp\/v2\/media?parent=576"}],"curies":[{"name":"wp","href":"https:\/\/api.w.org\/{rel}","templated":true}]}}