{"id":213,"date":"2017-10-18T12:16:31","date_gmt":"2017-10-18T14:16:31","guid":{"rendered":"https:\/\/galpaobauru.com.br\/index.php\/galpao-express-bauru-copy\/"},"modified":"2024-10-16T19:17:49","modified_gmt":"2024-10-16T22:17:49","slug":"nossos-servicos-2","status":"publish","type":"page","link":"https:\/\/galpaobauru.com.br\/index.php\/nossos-servicos-2\/","title":{"rendered":"Nossos Servi\u00e7os"},"content":{"rendered":"\t\t<div data-elementor-type=\"wp-page\" data-elementor-id=\"213\" class=\"elementor elementor-213\">\n\t\t\t\t\t\t<section class=\"elementor-section elementor-top-section elementor-element elementor-element-39915ad elementor-section-boxed elementor-section-height-default elementor-section-height-default\" data-id=\"39915ad\" data-element_type=\"section\">\n\t\t\t\t\t\t<div class=\"elementor-container elementor-column-gap-default\">\n\t\t\t\t\t<div class=\"elementor-column elementor-col-100 elementor-top-column elementor-element elementor-element-7122474\" data-id=\"7122474\" data-element_type=\"column\">\n\t\t\t<div class=\"elementor-widget-wrap elementor-element-populated\">\n\t\t\t\t\t\t<div class=\"elementor-element elementor-element-413a641 elementor-widget elementor-widget-spacer\" data-id=\"413a641\" data-element_type=\"widget\" data-widget_type=\"spacer.default\">\n\t\t\t\t<div class=\"elementor-widget-container\">\n\t\t\t\t\t\t\t<div class=\"elementor-spacer\">\n\t\t\t<div class=\"elementor-spacer-inner\"><\/div>\n\t\t<\/div>\n\t\t\t\t\t\t<\/div>\n\t\t\t\t<\/div>\n\t\t\t\t\t<\/div>\n\t\t<\/div>\n\t\t\t\t\t<\/div>\n\t\t<\/section>\n\t\t\t\t<section class=\"elementor-section elementor-top-section elementor-element elementor-element-861de9c elementor-section-boxed elementor-section-height-default elementor-section-height-default\" data-id=\"861de9c\" data-element_type=\"section\">\n\t\t\t\t\t\t<div class=\"elementor-container elementor-column-gap-default\">\n\t\t\t\t\t<div class=\"elementor-column elementor-col-100 elementor-top-column elementor-element elementor-element-e59c267\" data-id=\"e59c267\" data-element_type=\"column\">\n\t\t\t<div class=\"elementor-widget-wrap elementor-element-populated\">\n\t\t\t\t\t\t<div class=\"elementor-element elementor-element-97093be elementor-widget elementor-widget-heading\" data-id=\"97093be\" data-element_type=\"widget\" data-widget_type=\"heading.default\">\n\t\t\t\t<div class=\"elementor-widget-container\">\n\t\t\t\t\t<h2 class=\"elementor-heading-title elementor-size-default\">Reparos Automotivos <\/h2>\t\t\t\t<\/div>\n\t\t\t\t<\/div>\n\t\t\t\t\t<\/div>\n\t\t<\/div>\n\t\t\t\t\t<\/div>\n\t\t<\/section>\n\t\t\t\t<section class=\"elementor-section elementor-top-section elementor-element elementor-element-1416923 elementor-section-boxed elementor-section-height-default elementor-section-height-default\" data-id=\"1416923\" data-element_type=\"section\">\n\t\t\t\t\t\t<div class=\"elementor-container elementor-column-gap-default\">\n\t\t\t\t\t<div class=\"elementor-column elementor-col-100 elementor-top-column elementor-element elementor-element-eb1f227\" data-id=\"eb1f227\" data-element_type=\"column\">\n\t\t\t<div class=\"elementor-widget-wrap elementor-element-populated\">\n\t\t\t\t\t\t<div class=\"elementor-element elementor-element-f4ab6f9 elementor-widget elementor-widget-spacer\" data-id=\"f4ab6f9\" data-element_type=\"widget\" data-widget_type=\"spacer.default\">\n\t\t\t\t<div class=\"elementor-widget-container\">\n\t\t\t\t\t\t\t<div class=\"elementor-spacer\">\n\t\t\t<div class=\"elementor-spacer-inner\"><\/div>\n\t\t<\/div>\n\t\t\t\t\t\t<\/div>\n\t\t\t\t<\/div>\n\t\t\t\t\t<\/div>\n\t\t<\/div>\n\t\t\t\t\t<\/div>\n\t\t<\/section>\n\t\t\t\t<section class=\"elementor-section elementor-top-section elementor-element elementor-element-8505259 elementor-section-boxed elementor-section-height-default elementor-section-height-default\" data-id=\"8505259\" data-element_type=\"section\">\n\t\t\t\t\t\t<div class=\"elementor-container elementor-column-gap-default\">\n\t\t\t\t\t<div class=\"elementor-column elementor-col-25 elementor-top-column elementor-element elementor-element-640fd2f\" data-id=\"640fd2f\" data-element_type=\"column\">\n\t\t\t<div class=\"elementor-widget-wrap elementor-element-populated\">\n\t\t\t\t\t\t<div class=\"elementor-element elementor-element-1f5ebd4 elementor-position-top elementor-widget elementor-widget-image-box\" data-id=\"1f5ebd4\" data-element_type=\"widget\" data-widget_type=\"image-box.default\">\n\t\t\t\t<div class=\"elementor-widget-container\">\n\t\t\t\t\t<div class=\"elementor-image-box-wrapper\"><figure class=\"elementor-image-box-img\"><img fetchpriority=\"high\" decoding=\"async\" width=\"1000\" height=\"1000\" src=\"https:\/\/galpaobauru.com.br\/wp-content\/uploads\/2023\/02\/Galpao-auto-express-em-Bauru.jpg\" class=\"attachment-full size-full wp-image-489\" alt=\"\" srcset=\"https:\/\/galpaobauru.com.br\/wp-content\/uploads\/2023\/02\/Galpao-auto-express-em-Bauru.jpg 1000w, https:\/\/galpaobauru.com.br\/wp-content\/uploads\/2023\/02\/Galpao-auto-express-em-Bauru-300x300.jpg 300w, https:\/\/galpaobauru.com.br\/wp-content\/uploads\/2023\/02\/Galpao-auto-express-em-Bauru-150x150.jpg 150w, https:\/\/galpaobauru.com.br\/wp-content\/uploads\/2023\/02\/Galpao-auto-express-em-Bauru-768x768.jpg 768w\" sizes=\"(max-width: 1000px) 100vw, 1000px\" \/><\/figure><div class=\"elementor-image-box-content\"><h3 class=\"elementor-image-box-title\">Martelinho de Ouro<\/h3><p class=\"elementor-image-box-description\">\u00c9 a escolha ideal para quem deseja reparar pequenos amassados sem comprometer a pintura original do ve\u00edculo <\/p><\/div><\/div>\t\t\t\t<\/div>\n\t\t\t\t<\/div>\n\t\t\t\t\t<\/div>\n\t\t<\/div>\n\t\t\t\t<div class=\"elementor-column elementor-col-25 elementor-top-column elementor-element elementor-element-befb005\" data-id=\"befb005\" data-element_type=\"column\">\n\t\t\t<div class=\"elementor-widget-wrap elementor-element-populated\">\n\t\t\t\t\t\t<div class=\"elementor-element elementor-element-d7c49f5 elementor-position-top elementor-widget elementor-widget-image-box\" data-id=\"d7c49f5\" data-element_type=\"widget\" data-widget_type=\"image-box.default\">\n\t\t\t\t<div class=\"elementor-widget-container\">\n\t\t\t\t\t<div class=\"elementor-image-box-wrapper\"><figure class=\"elementor-image-box-img\"><img decoding=\"async\" width=\"1000\" height=\"1000\" src=\"https:\/\/galpaobauru.com.br\/wp-content\/uploads\/2023\/02\/Galpao-auto-express-em-Bauru-pintura.jpg\" class=\"attachment-full size-full wp-image-492\" alt=\"\" srcset=\"https:\/\/galpaobauru.com.br\/wp-content\/uploads\/2023\/02\/Galpao-auto-express-em-Bauru-pintura.jpg 1000w, https:\/\/galpaobauru.com.br\/wp-content\/uploads\/2023\/02\/Galpao-auto-express-em-Bauru-pintura-300x300.jpg 300w, https:\/\/galpaobauru.com.br\/wp-content\/uploads\/2023\/02\/Galpao-auto-express-em-Bauru-pintura-150x150.jpg 150w, https:\/\/galpaobauru.com.br\/wp-content\/uploads\/2023\/02\/Galpao-auto-express-em-Bauru-pintura-768x768.jpg 768w\" sizes=\"(max-width: 1000px) 100vw, 1000px\" \/><\/figure><div class=\"elementor-image-box-content\"><h3 class=\"elementor-image-box-title\">Funilaria e Pintura<\/h3><p class=\"elementor-image-box-description\">Para pequenos retoques ou uma renova\u00e7\u00e3o completa, garantimos o melhor acabamento, preservando beleza do seu ve\u00edculo<\/p><\/div><\/div>\t\t\t\t<\/div>\n\t\t\t\t<\/div>\n\t\t\t\t\t<\/div>\n\t\t<\/div>\n\t\t\t\t<div class=\"elementor-column elementor-col-25 elementor-top-column elementor-element elementor-element-d72f310\" data-id=\"d72f310\" data-element_type=\"column\">\n\t\t\t<div class=\"elementor-widget-wrap elementor-element-populated\">\n\t\t\t\t\t\t<div class=\"elementor-element elementor-element-acbd0fd elementor-position-top elementor-widget elementor-widget-image-box\" data-id=\"acbd0fd\" data-element_type=\"widget\" data-widget_type=\"image-box.default\">\n\t\t\t\t<div class=\"elementor-widget-container\">\n\t\t\t\t\t<div class=\"elementor-image-box-wrapper\"><figure class=\"elementor-image-box-img\"><img decoding=\"async\" width=\"1000\" height=\"1000\" src=\"https:\/\/galpaobauru.com.br\/wp-content\/uploads\/2023\/02\/Galpao-auto-express-em-Bauru-2.jpg\" class=\"attachment-full size-full wp-image-488\" alt=\"\" srcset=\"https:\/\/galpaobauru.com.br\/wp-content\/uploads\/2023\/02\/Galpao-auto-express-em-Bauru-2.jpg 1000w, https:\/\/galpaobauru.com.br\/wp-content\/uploads\/2023\/02\/Galpao-auto-express-em-Bauru-2-300x300.jpg 300w, https:\/\/galpaobauru.com.br\/wp-content\/uploads\/2023\/02\/Galpao-auto-express-em-Bauru-2-150x150.jpg 150w, https:\/\/galpaobauru.com.br\/wp-content\/uploads\/2023\/02\/Galpao-auto-express-em-Bauru-2-768x768.jpg 768w\" sizes=\"(max-width: 1000px) 100vw, 1000px\" \/><\/figure><div class=\"elementor-image-box-content\"><h3 class=\"elementor-image-box-title\">Polimento e Espelhamento<\/h3><p class=\"elementor-image-box-description\">Utilizamos t\u00e9cnicas avan\u00e7adas e produtos de alta qualidade para remover riscos superficiais, devolver o brilho original e proteger a pintura <\/p><\/div><\/div>\t\t\t\t<\/div>\n\t\t\t\t<\/div>\n\t\t\t\t\t<\/div>\n\t\t<\/div>\n\t\t\t\t<div class=\"elementor-column elementor-col-25 elementor-top-column elementor-element elementor-element-db8a1b4\" data-id=\"db8a1b4\" data-element_type=\"column\">\n\t\t\t<div class=\"elementor-widget-wrap elementor-element-populated\">\n\t\t\t\t\t\t<div class=\"elementor-element elementor-element-3657f83 elementor-position-top elementor-widget elementor-widget-image-box\" data-id=\"3657f83\" data-element_type=\"widget\" data-widget_type=\"image-box.default\">\n\t\t\t\t<div class=\"elementor-widget-container\">\n\t\t\t\t\t<div class=\"elementor-image-box-wrapper\"><figure class=\"elementor-image-box-img\"><img loading=\"lazy\" decoding=\"async\" width=\"1000\" height=\"1000\" src=\"https:\/\/galpaobauru.com.br\/wp-content\/uploads\/2023\/02\/Galpao-auto-express-em-Bauru-mecanica.jpg\" class=\"attachment-full size-full wp-image-500\" alt=\"\" srcset=\"https:\/\/galpaobauru.com.br\/wp-content\/uploads\/2023\/02\/Galpao-auto-express-em-Bauru-mecanica.jpg 1000w, https:\/\/galpaobauru.com.br\/wp-content\/uploads\/2023\/02\/Galpao-auto-express-em-Bauru-mecanica-300x300.jpg 300w, https:\/\/galpaobauru.com.br\/wp-content\/uploads\/2023\/02\/Galpao-auto-express-em-Bauru-mecanica-150x150.jpg 150w, https:\/\/galpaobauru.com.br\/wp-content\/uploads\/2023\/02\/Galpao-auto-express-em-Bauru-mecanica-768x768.jpg 768w, https:\/\/galpaobauru.com.br\/wp-content\/uploads\/2023\/02\/elementor\/thumbs\/Galpao-auto-express-em-Bauru-mecanica-q2lkl3xz6txoyueeljx8m1cqn0hnfosuo6vg7jfurs.jpg 500w\" sizes=\"(max-width: 1000px) 100vw, 1000px\" \/><\/figure><div class=\"elementor-image-box-content\"><h3 class=\"elementor-image-box-title\">Oficina Mec\u00e2nica<\/h3><p class=\"elementor-image-box-description\">Oferecemos uma ampla variedade de servi\u00e7os mec\u00e2nicos, desde revis\u00f5es preventivas at\u00e9 reparos complexos<\/p><\/div><\/div>\t\t\t\t<\/div>\n\t\t\t\t<\/div>\n\t\t\t\t\t<\/div>\n\t\t<\/div>\n\t\t\t\t\t<\/div>\n\t\t<\/section>\n\t\t\t\t<section class=\"elementor-section elementor-top-section elementor-element elementor-element-a48f485 elementor-section-boxed elementor-section-height-default elementor-section-height-default\" data-id=\"a48f485\" data-element_type=\"section\">\n\t\t\t\t\t\t<div class=\"elementor-container elementor-column-gap-default\">\n\t\t\t\t\t<div class=\"elementor-column elementor-col-100 elementor-top-column elementor-element elementor-element-c26588c\" data-id=\"c26588c\" data-element_type=\"column\">\n\t\t\t<div class=\"elementor-widget-wrap elementor-element-populated\">\n\t\t\t\t\t\t<div class=\"elementor-element elementor-element-1693095 elementor-widget elementor-widget-spacer\" data-id=\"1693095\" data-element_type=\"widget\" data-widget_type=\"spacer.default\">\n\t\t\t\t<div class=\"elementor-widget-container\">\n\t\t\t\t\t\t\t<div class=\"elementor-spacer\">\n\t\t\t<div class=\"elementor-spacer-inner\"><\/div>\n\t\t<\/div>\n\t\t\t\t\t\t<\/div>\n\t\t\t\t<\/div>\n\t\t\t\t\t<\/div>\n\t\t<\/div>\n\t\t\t\t\t<\/div>\n\t\t<\/section>\n\t\t\t\t<section class=\"elementor-section elementor-top-section elementor-element elementor-element-84c5eb4 elementor-section-boxed elementor-section-height-default elementor-section-height-default\" data-id=\"84c5eb4\" data-element_type=\"section\">\n\t\t\t\t\t\t<div class=\"elementor-container elementor-column-gap-default\">\n\t\t\t\t\t<div class=\"elementor-column elementor-col-100 elementor-top-column elementor-element elementor-element-63fe092\" data-id=\"63fe092\" data-element_type=\"column\">\n\t\t\t<div class=\"elementor-widget-wrap elementor-element-populated\">\n\t\t\t\t\t\t<div class=\"elementor-element elementor-element-d468c66 elementor-widget elementor-widget-text-editor\" data-id=\"d468c66\" data-element_type=\"widget\" data-widget_type=\"text-editor.default\">\n\t\t\t\t<div class=\"elementor-widget-container\">\n\t\t\t\t\t\t\t\t\t<p>Oficina credenciada<\/p>\t\t\t\t\t\t\t\t<\/div>\n\t\t\t\t<\/div>\n\t\t\t\t<div class=\"elementor-element elementor-element-ee46a6b elementor-arrows-position-inside elementor-pagination-position-outside elementor-widget elementor-widget-image-carousel\" data-id=\"ee46a6b\" data-element_type=\"widget\" data-settings=\"{&quot;slides_to_show&quot;:&quot;5&quot;,&quot;navigation&quot;:&quot;both&quot;,&quot;autoplay&quot;:&quot;yes&quot;,&quot;pause_on_hover&quot;:&quot;yes&quot;,&quot;pause_on_interaction&quot;:&quot;yes&quot;,&quot;autoplay_speed&quot;:5000,&quot;infinite&quot;:&quot;yes&quot;,&quot;speed&quot;:500}\" data-widget_type=\"image-carousel.default\">\n\t\t\t\t<div class=\"elementor-widget-container\">\n\t\t\t\t\t\t\t<div class=\"elementor-image-carousel-wrapper swiper\" role=\"region\" aria-roledescription=\"carousel\" aria-label=\"Carrossel de imagens\" dir=\"ltr\">\n\t\t\t<div class=\"elementor-image-carousel swiper-wrapper\" aria-live=\"off\">\n\t\t\t\t\t\t\t\t<div class=\"swiper-slide\" role=\"group\" aria-roledescription=\"slide\" aria-label=\"1 de 8\"><figure class=\"swiper-slide-inner\"><img decoding=\"async\" class=\"swiper-slide-image\" src=\"https:\/\/galpaobauru.com.br\/wp-content\/uploads\/2024\/10\/Sem-nome-300-x-200-px-1-1-150x150.png\" alt=\"Sem nome (300 x 200 px) (1)\" \/><\/figure><\/div><div class=\"swiper-slide\" role=\"group\" aria-roledescription=\"slide\" aria-label=\"2 de 8\"><figure class=\"swiper-slide-inner\"><img decoding=\"async\" class=\"swiper-slide-image\" src=\"https:\/\/galpaobauru.com.br\/wp-content\/uploads\/2024\/10\/Sem-nome-300-x-200-px-1-150x150.png\" alt=\"Sem nome (300 x 200 px)\" \/><\/figure><\/div><div class=\"swiper-slide\" role=\"group\" aria-roledescription=\"slide\" aria-label=\"3 de 8\"><figure class=\"swiper-slide-inner\"><img decoding=\"async\" class=\"swiper-slide-image\" src=\"https:\/\/galpaobauru.com.br\/wp-content\/uploads\/2024\/10\/Sem-nome-300-x-200-px-2-150x150.png\" alt=\"Sem nome (300 x 200 px) (2)\" \/><\/figure><\/div><div class=\"swiper-slide\" role=\"group\" aria-roledescription=\"slide\" aria-label=\"4 de 8\"><figure class=\"swiper-slide-inner\"><img decoding=\"async\" class=\"swiper-slide-image\" src=\"https:\/\/galpaobauru.com.br\/wp-content\/uploads\/2024\/04\/Galpao-Auto-express-oficina-credenciada-Tokio-Marine-Bradesco-seguros-Azul-seguros-Porto-seguros-hdi-seguros-itau-seguros-liberty-seguros-bauru-4-150x150.png\" alt=\"Galp\u00e3o Auto express - oficina credenciada - Tokio Marine, Bradesco seguros, Azul seguros, Porto seguros, hdi seguros, ita\u00fa seguros, liberty seguros - bauru (4)\" \/><\/figure><\/div><div class=\"swiper-slide\" role=\"group\" aria-roledescription=\"slide\" aria-label=\"5 de 8\"><figure class=\"swiper-slide-inner\"><img decoding=\"async\" class=\"swiper-slide-image\" src=\"https:\/\/galpaobauru.com.br\/wp-content\/uploads\/2024\/04\/Galpao-Auto-express-oficina-credenciada-Tokio-Marine-Bradesco-seguros-Azul-seguros-Porto-seguros-hdi-seguros-itau-seguros-liberty-seguros-bauru-3-150x150.png\" alt=\"Galp\u00e3o Auto express - oficina credenciada - Tokio Marine, Bradesco seguros, Azul seguros, Porto seguros, hdi seguros, ita\u00fa seguros, liberty seguros - bauru (3)\" \/><\/figure><\/div><div class=\"swiper-slide\" role=\"group\" aria-roledescription=\"slide\" aria-label=\"6 de 8\"><figure class=\"swiper-slide-inner\"><img decoding=\"async\" class=\"swiper-slide-image\" src=\"https:\/\/galpaobauru.com.br\/wp-content\/uploads\/2024\/04\/Galpao-Auto-express-oficina-credenciada-Tokio-Marine-Bradesco-seguros-Azul-seguros-Porto-seguros-hdi-seguros-itau-seguros-liberty-seguros-bauru-2-150x150.png\" alt=\"Galp\u00e3o Auto express - oficina credenciada - Tokio Marine, Bradesco seguros, Azul seguros, Porto seguros, hdi seguros, ita\u00fa seguros, liberty seguros - bauru (2)\" \/><\/figure><\/div><div class=\"swiper-slide\" role=\"group\" aria-roledescription=\"slide\" aria-label=\"7 de 8\"><figure class=\"swiper-slide-inner\"><img decoding=\"async\" class=\"swiper-slide-image\" src=\"https:\/\/galpaobauru.com.br\/wp-content\/uploads\/2024\/04\/Galpao-Auto-express-oficina-credenciada-Tokio-Marine-Bradesco-seguros-Azul-seguros-Porto-seguros-hdi-seguros-itau-seguros-liberty-seguros-bauru-1-150x150.png\" alt=\"Galp\u00e3o Auto express - oficina credenciada - Tokio Marine, Bradesco seguros, Azul seguros, Porto seguros, hdi seguros, ita\u00fa seguros, liberty seguros - bauru (1)\" \/><\/figure><\/div><div class=\"swiper-slide\" role=\"group\" aria-roledescription=\"slide\" aria-label=\"8 de 8\"><figure class=\"swiper-slide-inner\"><img decoding=\"async\" class=\"swiper-slide-image\" src=\"https:\/\/galpaobauru.com.br\/wp-content\/uploads\/2024\/10\/Sem-nome-300-x-200-px-3-150x150.png\" alt=\"Sem nome (300 x 200 px) (3)\" \/><\/figure><\/div>\t\t\t<\/div>\n\t\t\t\t\t\t\t\t\t\t\t\t<div class=\"elementor-swiper-button elementor-swiper-button-prev\" role=\"button\" tabindex=\"0\">\n\t\t\t\t\t\t<i aria-hidden=\"true\" class=\"eicon-chevron-left\"><\/i>\t\t\t\t\t<\/div>\n\t\t\t\t\t<div class=\"elementor-swiper-button elementor-swiper-button-next\" role=\"button\" tabindex=\"0\">\n\t\t\t\t\t\t<i aria-hidden=\"true\" class=\"eicon-chevron-right\"><\/i>\t\t\t\t\t<\/div>\n\t\t\t\t\n\t\t\t\t\t\t\t\t\t<div class=\"swiper-pagination\"><\/div>\n\t\t\t\t\t\t\t\t\t<\/div>\n\t\t\t\t\t\t<\/div>\n\t\t\t\t<\/div>\n\t\t\t\t\t<\/div>\n\t\t<\/div>\n\t\t\t\t\t<\/div>\n\t\t<\/section>\n\t\t\t\t<\/div>\n\t\t","protected":false},"excerpt":{"rendered":"<p>Reparos Automotivos Martelinho de Ouro \u00c9 a escolha ideal para quem deseja reparar pequenos amassados sem comprometer a pintura original do ve\u00edculo Funilaria e Pintura&hellip;<\/p>\n","protected":false},"author":1,"featured_media":0,"parent":0,"menu_order":0,"comment_status":"closed","ping_status":"closed","template":"","meta":{"_joinchat":[],"footnotes":""},"class_list":["post-213","page","type-page","status-publish","hentry"],"_links":{"self":[{"href":"https:\/\/galpaobauru.com.br\/index.php\/wp-json\/wp\/v2\/pages\/213","targetHints":{"allow":["GET"]}}],"collection":[{"href":"https:\/\/galpaobauru.com.br\/index.php\/wp-json\/wp\/v2\/pages"}],"about":[{"href":"https:\/\/galpaobauru.com.br\/index.php\/wp-json\/wp\/v2\/types\/page"}],"author":[{"embeddable":true,"href":"https:\/\/galpaobauru.com.br\/index.php\/wp-json\/wp\/v2\/users\/1"}],"replies":[{"embeddable":true,"href":"https:\/\/galpaobauru.com.br\/index.php\/wp-json\/wp\/v2\/comments?post=213"}],"version-history":[{"count":34,"href":"https:\/\/galpaobauru.com.br\/index.php\/wp-json\/wp\/v2\/pages\/213\/revisions"}],"predecessor-version":[{"id":703,"href":"https:\/\/galpaobauru.com.br\/index.php\/wp-json\/wp\/v2\/pages\/213\/revisions\/703"}],"wp:attachment":[{"href":"https:\/\/galpaobauru.com.br\/index.php\/wp-json\/wp\/v2\/media?parent=213"}],"curies":[{"name":"wp","href":"https:\/\/api.w.org\/{rel}","templated":true}]}}