{"id":132,"date":"2017-10-09T10:18:41","date_gmt":"2017-10-09T13:18:41","guid":{"rendered":"https:\/\/galpaobauru.com.br\/?page_id=132"},"modified":"2023-02-23T17:54:57","modified_gmt":"2023-02-23T20:54:57","slug":"estrutura","status":"publish","type":"page","link":"https:\/\/galpaobauru.com.br\/index.php\/estrutura\/","title":{"rendered":"Estrutura"},"content":{"rendered":"\t\t<div data-elementor-type=\"wp-page\" data-elementor-id=\"132\" class=\"elementor elementor-132\">\n\t\t\t\t\t\t<section class=\"elementor-section elementor-top-section elementor-element elementor-element-b07883d elementor-section-boxed elementor-section-height-default elementor-section-height-default\" data-id=\"b07883d\" data-element_type=\"section\">\n\t\t\t\t\t\t<div class=\"elementor-container elementor-column-gap-default\">\n\t\t\t\t\t<div class=\"elementor-column elementor-col-100 elementor-top-column elementor-element elementor-element-4824186\" data-id=\"4824186\" data-element_type=\"column\">\n\t\t\t<div class=\"elementor-widget-wrap elementor-element-populated\">\n\t\t\t\t\t\t<div class=\"elementor-element elementor-element-58d47d4 elementor-widget elementor-widget-text-editor\" data-id=\"58d47d4\" data-element_type=\"widget\" data-widget_type=\"text-editor.default\">\n\t\t\t\t<div class=\"elementor-widget-container\">\n\t\t\t\t\t\t\t\t\t<p>A <strong>Galp\u00e3o Auto Express<\/strong> \u00e9 uma empresa especializada em Pintura automotiva, Martelinho de Ouro, Remo\u00e7\u00e3o de riscos, Polimento, Espelhamento, Vitrifica\u00e7\u00e3o Kisho, Est\u00e9tica Automotiva e Higieniza\u00e7\u00e3o de ar condicionado.<\/p><p>A empresa inciou suas atividades em 2015, e se consolidou no mercado de reparos automotivos, na cidade de Bauru -SP. Os nossos servi\u00e7os s\u00e3o executados sempre visando o reparo r\u00e1pido e de alta qualidade eliminando os riscos e amassados com menores custos e melhores resultados.<br \/>Temos como diferencial a qualidade e a agilidade com tempo m\u00e9dio de 48 horas para entrega do seu ve\u00edculo. Utilizamos o que h\u00e1 de mais moderno no mercado automotivo, para que nossos clientes tenham a seguran\u00e7a e confian\u00e7a total em nossos servi\u00e7os.<\/p><p><strong>Miss\u00e3o<\/strong><br \/>Empresa especializada em reparo r\u00e1pido, oferecendo o menor custo, com melhor resultado alcan\u00e7ando as expectativas e exig\u00eancias dos consumidores.<\/p><p><strong>Vis\u00e3o<\/strong><br \/>Trabalhar sempre com produtos variados e de alt\u00edssima qualidade, tendo sempre como principio a satisfa\u00e7\u00e3o de nossos clientes para tornar-se referencia de mercado.<\/p><p><strong>Valores<\/strong><br \/>Servi\u00e7os e atendimento personalizado, com qualidade, agilidade , bom atendimento, honestidade, transpar\u00eancia e cordialidade, sempre pensando no bem estar de nossos clientes.<\/p>\t\t\t\t\t\t\t\t<\/div>\n\t\t\t\t<\/div>\n\t\t\t\t\t<\/div>\n\t\t<\/div>\n\t\t\t\t\t<\/div>\n\t\t<\/section>\n\t\t\t\t<section class=\"elementor-section elementor-top-section elementor-element elementor-element-a255a87 elementor-section-boxed elementor-section-height-default elementor-section-height-default\" data-id=\"a255a87\" data-element_type=\"section\">\n\t\t\t\t\t\t<div class=\"elementor-container elementor-column-gap-default\">\n\t\t\t\t\t<div class=\"elementor-column elementor-col-100 elementor-top-column elementor-element elementor-element-6e12cbe\" data-id=\"6e12cbe\" data-element_type=\"column\">\n\t\t\t<div class=\"elementor-widget-wrap elementor-element-populated\">\n\t\t\t\t\t\t<div class=\"elementor-element elementor-element-bf9ad1d elementor-widget elementor-widget-text-editor\" data-id=\"bf9ad1d\" data-element_type=\"widget\" data-widget_type=\"text-editor.default\">\n\t\t\t\t<div class=\"elementor-widget-container\">\n\t\t\t\t\t\t\t\t\t<p><strong>Localiza\u00e7\u00e3o <br \/><\/strong>Tr\u00eas lojas para melhor atende-los<\/p>\t\t\t\t\t\t\t\t<\/div>\n\t\t\t\t<\/div>\n\t\t\t\t\t<\/div>\n\t\t<\/div>\n\t\t\t\t\t<\/div>\n\t\t<\/section>\n\t\t\t\t<section class=\"elementor-section elementor-top-section elementor-element elementor-element-80f141c elementor-section-boxed elementor-section-height-default elementor-section-height-default\" data-id=\"80f141c\" data-element_type=\"section\">\n\t\t\t\t\t\t<div class=\"elementor-container elementor-column-gap-default\">\n\t\t\t\t\t<div class=\"elementor-column elementor-col-33 elementor-top-column elementor-element elementor-element-ee02232\" data-id=\"ee02232\" data-element_type=\"column\">\n\t\t\t<div class=\"elementor-widget-wrap elementor-element-populated\">\n\t\t\t\t\t\t<div class=\"elementor-element elementor-element-3a03fca elementor-widget elementor-widget-text-editor\" data-id=\"3a03fca\" data-element_type=\"widget\" data-widget_type=\"text-editor.default\">\n\t\t\t\t<div class=\"elementor-widget-container\">\n\t\t\t\t\t\t\t\t\t<p>Loja I: Av. Affonso Jos\u00e9 Aiello 6-26<\/p>\t\t\t\t\t\t\t\t<\/div>\n\t\t\t\t<\/div>\n\t\t\t\t<div class=\"elementor-element elementor-element-cd0cee3 elementor-widget elementor-widget-image\" data-id=\"cd0cee3\" data-element_type=\"widget\" data-widget_type=\"image.default\">\n\t\t\t\t<div class=\"elementor-widget-container\">\n\t\t\t\t\t\t\t\t\t\t\t\t\t\t\t<img fetchpriority=\"high\" decoding=\"async\" width=\"843\" height=\"843\" src=\"https:\/\/galpaobauru.com.br\/wp-content\/uploads\/2023\/02\/Galpao-auto-express-em-Bauru-loja-1.jpg\" class=\"attachment-large size-large wp-image-507\" alt=\"\" srcset=\"https:\/\/galpaobauru.com.br\/wp-content\/uploads\/2023\/02\/Galpao-auto-express-em-Bauru-loja-1.jpg 1000w, https:\/\/galpaobauru.com.br\/wp-content\/uploads\/2023\/02\/Galpao-auto-express-em-Bauru-loja-1-300x300.jpg 300w, https:\/\/galpaobauru.com.br\/wp-content\/uploads\/2023\/02\/Galpao-auto-express-em-Bauru-loja-1-150x150.jpg 150w, https:\/\/galpaobauru.com.br\/wp-content\/uploads\/2023\/02\/Galpao-auto-express-em-Bauru-loja-1-768x768.jpg 768w\" sizes=\"(max-width: 843px) 100vw, 843px\" \/>\t\t\t\t\t\t\t\t\t\t\t\t\t\t\t<\/div>\n\t\t\t\t<\/div>\n\t\t\t\t\t<\/div>\n\t\t<\/div>\n\t\t\t\t<div class=\"elementor-column elementor-col-33 elementor-top-column elementor-element elementor-element-3c0e8d9\" data-id=\"3c0e8d9\" data-element_type=\"column\">\n\t\t\t<div class=\"elementor-widget-wrap elementor-element-populated\">\n\t\t\t\t\t\t<div class=\"elementor-element elementor-element-7ab47f1 elementor-widget elementor-widget-text-editor\" data-id=\"7ab47f1\" data-element_type=\"widget\" data-widget_type=\"text-editor.default\">\n\t\t\t\t<div class=\"elementor-widget-container\">\n\t\t\t\t\t\t\t\t\t<p>Loja II: Rua Elis\u00e1rio Franco 1-50<\/p>\t\t\t\t\t\t\t\t<\/div>\n\t\t\t\t<\/div>\n\t\t\t\t<div class=\"elementor-element elementor-element-41fcae0 elementor-widget elementor-widget-image\" data-id=\"41fcae0\" data-element_type=\"widget\" data-widget_type=\"image.default\">\n\t\t\t\t<div class=\"elementor-widget-container\">\n\t\t\t\t\t\t\t\t\t\t\t\t\t\t\t<img decoding=\"async\" width=\"843\" height=\"843\" src=\"https:\/\/galpaobauru.com.br\/wp-content\/uploads\/2023\/02\/Galpao-auto-express-em-Bauru-loja-2.jpg\" class=\"attachment-large size-large wp-image-513\" alt=\"\" srcset=\"https:\/\/galpaobauru.com.br\/wp-content\/uploads\/2023\/02\/Galpao-auto-express-em-Bauru-loja-2.jpg 1000w, https:\/\/galpaobauru.com.br\/wp-content\/uploads\/2023\/02\/Galpao-auto-express-em-Bauru-loja-2-300x300.jpg 300w, https:\/\/galpaobauru.com.br\/wp-content\/uploads\/2023\/02\/Galpao-auto-express-em-Bauru-loja-2-150x150.jpg 150w, https:\/\/galpaobauru.com.br\/wp-content\/uploads\/2023\/02\/Galpao-auto-express-em-Bauru-loja-2-768x768.jpg 768w\" sizes=\"(max-width: 843px) 100vw, 843px\" \/>\t\t\t\t\t\t\t\t\t\t\t\t\t\t\t<\/div>\n\t\t\t\t<\/div>\n\t\t\t\t\t<\/div>\n\t\t<\/div>\n\t\t\t\t<div class=\"elementor-column elementor-col-33 elementor-top-column elementor-element elementor-element-cadb29e\" data-id=\"cadb29e\" data-element_type=\"column\">\n\t\t\t<div class=\"elementor-widget-wrap elementor-element-populated\">\n\t\t\t\t\t\t<div class=\"elementor-element elementor-element-ed8caec elementor-widget elementor-widget-text-editor\" data-id=\"ed8caec\" data-element_type=\"widget\" data-widget_type=\"text-editor.default\">\n\t\t\t\t<div class=\"elementor-widget-container\">\n\t\t\t\t\t\t\t\t\t<p>Loja III: Rua Miguel Penha Corral 1-55<\/p>\t\t\t\t\t\t\t\t<\/div>\n\t\t\t\t<\/div>\n\t\t\t\t<div class=\"elementor-element elementor-element-a858671 elementor-widget elementor-widget-image\" data-id=\"a858671\" data-element_type=\"widget\" data-widget_type=\"image.default\">\n\t\t\t\t<div class=\"elementor-widget-container\">\n\t\t\t\t\t\t\t\t\t\t\t\t\t\t\t<img decoding=\"async\" width=\"843\" height=\"843\" src=\"https:\/\/galpaobauru.com.br\/wp-content\/uploads\/2023\/02\/Galpao-auto-express-em-Bauru-Loja-3-1.jpg\" class=\"attachment-large size-large wp-image-508\" alt=\"\" srcset=\"https:\/\/galpaobauru.com.br\/wp-content\/uploads\/2023\/02\/Galpao-auto-express-em-Bauru-Loja-3-1.jpg 1000w, https:\/\/galpaobauru.com.br\/wp-content\/uploads\/2023\/02\/Galpao-auto-express-em-Bauru-Loja-3-1-300x300.jpg 300w, https:\/\/galpaobauru.com.br\/wp-content\/uploads\/2023\/02\/Galpao-auto-express-em-Bauru-Loja-3-1-150x150.jpg 150w, https:\/\/galpaobauru.com.br\/wp-content\/uploads\/2023\/02\/Galpao-auto-express-em-Bauru-Loja-3-1-768x768.jpg 768w\" sizes=\"(max-width: 843px) 100vw, 843px\" \/>\t\t\t\t\t\t\t\t\t\t\t\t\t\t\t<\/div>\n\t\t\t\t<\/div>\n\t\t\t\t\t<\/div>\n\t\t<\/div>\n\t\t\t\t\t<\/div>\n\t\t<\/section>\n\t\t\t\t<section class=\"elementor-section elementor-top-section elementor-element elementor-element-2306706 elementor-section-boxed elementor-section-height-default elementor-section-height-default\" data-id=\"2306706\" data-element_type=\"section\">\n\t\t\t\t\t\t<div class=\"elementor-container elementor-column-gap-default\">\n\t\t\t\t\t<div class=\"elementor-column elementor-col-100 elementor-top-column elementor-element elementor-element-080ec8e\" data-id=\"080ec8e\" data-element_type=\"column\">\n\t\t\t<div class=\"elementor-widget-wrap elementor-element-populated\">\n\t\t\t\t\t\t<div class=\"elementor-element elementor-element-61fb109 elementor-widget elementor-widget-text-editor\" data-id=\"61fb109\" data-element_type=\"widget\" data-widget_type=\"text-editor.default\">\n\t\t\t\t<div class=\"elementor-widget-container\">\n\t\t\t\t\t\t\t\t\t<p>Galeria:<\/p>\t\t\t\t\t\t\t\t<\/div>\n\t\t\t\t<\/div>\n\t\t\t\t<div class=\"elementor-element elementor-element-bb6998f gallery-spacing-custom elementor-widget elementor-widget-image-gallery\" data-id=\"bb6998f\" data-element_type=\"widget\" data-widget_type=\"image-gallery.default\">\n\t\t\t\t<div class=\"elementor-widget-container\">\n\t\t\t\t\t\t\t<div class=\"elementor-image-gallery\">\n\t\t\t<div id='gallery-1' class='gallery galleryid-132 gallery-columns-7 gallery-size-thumbnail'><figure class='gallery-item'>\n\t\t\t<div class='gallery-icon landscape'>\n\t\t\t\t<a data-elementor-open-lightbox=\"yes\" data-elementor-lightbox-slideshow=\"bb6998f\" data-elementor-lightbox-title=\"Galp\u00e3o auto express - galeria de fotos (1)\" data-e-action-hash=\"#elementor-action%3Aaction%3Dlightbox%26settings%3DeyJpZCI6NTQxLCJ1cmwiOiJodHRwczpcL1wvZ2FscGFvYmF1cnUuY29tLmJyXC93cC1jb250ZW50XC91cGxvYWRzXC8yMDIzXC8wMlwvR2FscGFvLWF1dG8tZXhwcmVzcy1nYWxlcmlhLWRlLWZvdG9zLTEuanBnIiwic2xpZGVzaG93IjoiYmI2OTk4ZiJ9\" href='https:\/\/galpaobauru.com.br\/wp-content\/uploads\/2023\/02\/Galpao-auto-express-galeria-de-fotos-1.jpg'><img loading=\"lazy\" decoding=\"async\" width=\"150\" height=\"150\" src=\"https:\/\/galpaobauru.com.br\/wp-content\/uploads\/2023\/02\/Galpao-auto-express-galeria-de-fotos-1-150x150.jpg\" class=\"attachment-thumbnail size-thumbnail\" alt=\"\" srcset=\"https:\/\/galpaobauru.com.br\/wp-content\/uploads\/2023\/02\/Galpao-auto-express-galeria-de-fotos-1-150x150.jpg 150w, https:\/\/galpaobauru.com.br\/wp-content\/uploads\/2023\/02\/Galpao-auto-express-galeria-de-fotos-1-300x300.jpg 300w, https:\/\/galpaobauru.com.br\/wp-content\/uploads\/2023\/02\/Galpao-auto-express-galeria-de-fotos-1.jpg 500w\" sizes=\"(max-width: 150px) 100vw, 150px\" \/><\/a>\n\t\t\t<\/div><\/figure><figure class='gallery-item'>\n\t\t\t<div class='gallery-icon landscape'>\n\t\t\t\t<a data-elementor-open-lightbox=\"yes\" data-elementor-lightbox-slideshow=\"bb6998f\" data-elementor-lightbox-title=\"Galp\u00e3o auto express - galeria de fotos (6)\" data-e-action-hash=\"#elementor-action%3Aaction%3Dlightbox%26settings%3DeyJpZCI6NTQ2LCJ1cmwiOiJodHRwczpcL1wvZ2FscGFvYmF1cnUuY29tLmJyXC93cC1jb250ZW50XC91cGxvYWRzXC8yMDIzXC8wMlwvR2FscGFvLWF1dG8tZXhwcmVzcy1nYWxlcmlhLWRlLWZvdG9zLTYuanBnIiwic2xpZGVzaG93IjoiYmI2OTk4ZiJ9\" href='https:\/\/galpaobauru.com.br\/wp-content\/uploads\/2023\/02\/Galpao-auto-express-galeria-de-fotos-6.jpg'><img loading=\"lazy\" decoding=\"async\" width=\"150\" height=\"150\" src=\"https:\/\/galpaobauru.com.br\/wp-content\/uploads\/2023\/02\/Galpao-auto-express-galeria-de-fotos-6-150x150.jpg\" class=\"attachment-thumbnail size-thumbnail\" alt=\"\" srcset=\"https:\/\/galpaobauru.com.br\/wp-content\/uploads\/2023\/02\/Galpao-auto-express-galeria-de-fotos-6-150x150.jpg 150w, https:\/\/galpaobauru.com.br\/wp-content\/uploads\/2023\/02\/Galpao-auto-express-galeria-de-fotos-6-300x300.jpg 300w, https:\/\/galpaobauru.com.br\/wp-content\/uploads\/2023\/02\/Galpao-auto-express-galeria-de-fotos-6.jpg 500w\" sizes=\"(max-width: 150px) 100vw, 150px\" \/><\/a>\n\t\t\t<\/div><\/figure><figure class='gallery-item'>\n\t\t\t<div class='gallery-icon landscape'>\n\t\t\t\t<a data-elementor-open-lightbox=\"yes\" data-elementor-lightbox-slideshow=\"bb6998f\" data-elementor-lightbox-title=\"Galp\u00e3o auto express - galeria de fotos (4)\" data-e-action-hash=\"#elementor-action%3Aaction%3Dlightbox%26settings%3DeyJpZCI6NTQ0LCJ1cmwiOiJodHRwczpcL1wvZ2FscGFvYmF1cnUuY29tLmJyXC93cC1jb250ZW50XC91cGxvYWRzXC8yMDIzXC8wMlwvR2FscGFvLWF1dG8tZXhwcmVzcy1nYWxlcmlhLWRlLWZvdG9zLTQuanBnIiwic2xpZGVzaG93IjoiYmI2OTk4ZiJ9\" href='https:\/\/galpaobauru.com.br\/wp-content\/uploads\/2023\/02\/Galpao-auto-express-galeria-de-fotos-4.jpg'><img loading=\"lazy\" decoding=\"async\" width=\"150\" height=\"150\" src=\"https:\/\/galpaobauru.com.br\/wp-content\/uploads\/2023\/02\/Galpao-auto-express-galeria-de-fotos-4-150x150.jpg\" class=\"attachment-thumbnail size-thumbnail\" alt=\"\" srcset=\"https:\/\/galpaobauru.com.br\/wp-content\/uploads\/2023\/02\/Galpao-auto-express-galeria-de-fotos-4-150x150.jpg 150w, https:\/\/galpaobauru.com.br\/wp-content\/uploads\/2023\/02\/Galpao-auto-express-galeria-de-fotos-4-300x300.jpg 300w, https:\/\/galpaobauru.com.br\/wp-content\/uploads\/2023\/02\/Galpao-auto-express-galeria-de-fotos-4.jpg 500w\" sizes=\"(max-width: 150px) 100vw, 150px\" \/><\/a>\n\t\t\t<\/div><\/figure><figure class='gallery-item'>\n\t\t\t<div class='gallery-icon landscape'>\n\t\t\t\t<a data-elementor-open-lightbox=\"yes\" data-elementor-lightbox-slideshow=\"bb6998f\" data-elementor-lightbox-title=\"Galp\u00e3o auto express - galeria de fotos (2)\" data-e-action-hash=\"#elementor-action%3Aaction%3Dlightbox%26settings%3DeyJpZCI6NTQyLCJ1cmwiOiJodHRwczpcL1wvZ2FscGFvYmF1cnUuY29tLmJyXC93cC1jb250ZW50XC91cGxvYWRzXC8yMDIzXC8wMlwvR2FscGFvLWF1dG8tZXhwcmVzcy1nYWxlcmlhLWRlLWZvdG9zLTIuanBnIiwic2xpZGVzaG93IjoiYmI2OTk4ZiJ9\" href='https:\/\/galpaobauru.com.br\/wp-content\/uploads\/2023\/02\/Galpao-auto-express-galeria-de-fotos-2.jpg'><img loading=\"lazy\" decoding=\"async\" width=\"150\" height=\"150\" src=\"https:\/\/galpaobauru.com.br\/wp-content\/uploads\/2023\/02\/Galpao-auto-express-galeria-de-fotos-2-150x150.jpg\" class=\"attachment-thumbnail size-thumbnail\" alt=\"\" srcset=\"https:\/\/galpaobauru.com.br\/wp-content\/uploads\/2023\/02\/Galpao-auto-express-galeria-de-fotos-2-150x150.jpg 150w, https:\/\/galpaobauru.com.br\/wp-content\/uploads\/2023\/02\/Galpao-auto-express-galeria-de-fotos-2-300x300.jpg 300w, https:\/\/galpaobauru.com.br\/wp-content\/uploads\/2023\/02\/Galpao-auto-express-galeria-de-fotos-2.jpg 500w\" sizes=\"(max-width: 150px) 100vw, 150px\" \/><\/a>\n\t\t\t<\/div><\/figure><figure class='gallery-item'>\n\t\t\t<div class='gallery-icon landscape'>\n\t\t\t\t<a data-elementor-open-lightbox=\"yes\" data-elementor-lightbox-slideshow=\"bb6998f\" data-elementor-lightbox-title=\"Galp\u00e3o auto express - galeria de fotos (3)\" data-e-action-hash=\"#elementor-action%3Aaction%3Dlightbox%26settings%3DeyJpZCI6NTQzLCJ1cmwiOiJodHRwczpcL1wvZ2FscGFvYmF1cnUuY29tLmJyXC93cC1jb250ZW50XC91cGxvYWRzXC8yMDIzXC8wMlwvR2FscGFvLWF1dG8tZXhwcmVzcy1nYWxlcmlhLWRlLWZvdG9zLTMuanBnIiwic2xpZGVzaG93IjoiYmI2OTk4ZiJ9\" href='https:\/\/galpaobauru.com.br\/wp-content\/uploads\/2023\/02\/Galpao-auto-express-galeria-de-fotos-3.jpg'><img loading=\"lazy\" decoding=\"async\" width=\"150\" height=\"150\" src=\"https:\/\/galpaobauru.com.br\/wp-content\/uploads\/2023\/02\/Galpao-auto-express-galeria-de-fotos-3-150x150.jpg\" class=\"attachment-thumbnail size-thumbnail\" alt=\"\" srcset=\"https:\/\/galpaobauru.com.br\/wp-content\/uploads\/2023\/02\/Galpao-auto-express-galeria-de-fotos-3-150x150.jpg 150w, https:\/\/galpaobauru.com.br\/wp-content\/uploads\/2023\/02\/Galpao-auto-express-galeria-de-fotos-3-300x300.jpg 300w, https:\/\/galpaobauru.com.br\/wp-content\/uploads\/2023\/02\/Galpao-auto-express-galeria-de-fotos-3.jpg 500w\" sizes=\"(max-width: 150px) 100vw, 150px\" \/><\/a>\n\t\t\t<\/div><\/figure><figure class='gallery-item'>\n\t\t\t<div class='gallery-icon landscape'>\n\t\t\t\t<a data-elementor-open-lightbox=\"yes\" data-elementor-lightbox-slideshow=\"bb6998f\" data-elementor-lightbox-title=\"Galp\u00e3o Auto Express em Bauru (9)\" data-e-action-hash=\"#elementor-action%3Aaction%3Dlightbox%26settings%3DeyJpZCI6MzU4LCJ1cmwiOiJodHRwczpcL1wvZ2FscGFvYmF1cnUuY29tLmJyXC93cC1jb250ZW50XC91cGxvYWRzXC8yMDIwXC8wOFwvR2FscFx1MDBlM28tQXV0by1FeHByZXNzLWVtLUJhdXJ1LTkuanBnIiwic2xpZGVzaG93IjoiYmI2OTk4ZiJ9\" href='https:\/\/galpaobauru.com.br\/wp-content\/uploads\/2020\/08\/Galp\u00e3o-Auto-Express-em-Bauru-9.jpg'><img loading=\"lazy\" decoding=\"async\" width=\"150\" height=\"150\" src=\"https:\/\/galpaobauru.com.br\/wp-content\/uploads\/2020\/08\/Galp\u00e3o-Auto-Express-em-Bauru-9-150x150.jpg\" class=\"attachment-thumbnail size-thumbnail\" alt=\"\" \/><\/a>\n\t\t\t<\/div><\/figure><figure class='gallery-item'>\n\t\t\t<div class='gallery-icon landscape'>\n\t\t\t\t<a data-elementor-open-lightbox=\"yes\" data-elementor-lightbox-slideshow=\"bb6998f\" data-elementor-lightbox-title=\"Galp\u00e3o Auto Express em Bauru (13)\" data-e-action-hash=\"#elementor-action%3Aaction%3Dlightbox%26settings%3DeyJpZCI6MzYyLCJ1cmwiOiJodHRwczpcL1wvZ2FscGFvYmF1cnUuY29tLmJyXC93cC1jb250ZW50XC91cGxvYWRzXC8yMDIwXC8wOFwvR2FscFx1MDBlM28tQXV0by1FeHByZXNzLWVtLUJhdXJ1LTEzLmpwZyIsInNsaWRlc2hvdyI6ImJiNjk5OGYifQ%3D%3D\" href='https:\/\/galpaobauru.com.br\/wp-content\/uploads\/2020\/08\/Galp\u00e3o-Auto-Express-em-Bauru-13.jpg'><img loading=\"lazy\" decoding=\"async\" width=\"150\" height=\"150\" src=\"https:\/\/galpaobauru.com.br\/wp-content\/uploads\/2020\/08\/Galp\u00e3o-Auto-Express-em-Bauru-13-150x150.jpg\" class=\"attachment-thumbnail size-thumbnail\" alt=\"\" \/><\/a>\n\t\t\t<\/div><\/figure><figure class='gallery-item'>\n\t\t\t<div class='gallery-icon landscape'>\n\t\t\t\t<a data-elementor-open-lightbox=\"yes\" data-elementor-lightbox-slideshow=\"bb6998f\" data-elementor-lightbox-title=\"Galp\u00e3o Auto Express em Bauru (1)\" data-e-action-hash=\"#elementor-action%3Aaction%3Dlightbox%26settings%3DeyJpZCI6MzYzLCJ1cmwiOiJodHRwczpcL1wvZ2FscGFvYmF1cnUuY29tLmJyXC93cC1jb250ZW50XC91cGxvYWRzXC8yMDIwXC8wOFwvR2FscFx1MDBlM28tQXV0by1FeHByZXNzLWVtLUJhdXJ1LTEuanBnIiwic2xpZGVzaG93IjoiYmI2OTk4ZiJ9\" href='https:\/\/galpaobauru.com.br\/wp-content\/uploads\/2020\/08\/Galp\u00e3o-Auto-Express-em-Bauru-1.jpg'><img loading=\"lazy\" decoding=\"async\" width=\"150\" height=\"150\" src=\"https:\/\/galpaobauru.com.br\/wp-content\/uploads\/2020\/08\/Galp\u00e3o-Auto-Express-em-Bauru-1-150x150.jpg\" class=\"attachment-thumbnail size-thumbnail\" alt=\"\" \/><\/a>\n\t\t\t<\/div><\/figure><figure class='gallery-item'>\n\t\t\t<div class='gallery-icon landscape'>\n\t\t\t\t<a data-elementor-open-lightbox=\"yes\" data-elementor-lightbox-slideshow=\"bb6998f\" data-elementor-lightbox-title=\"Galp\u00e3o Auto Express em Bauru (6)\" data-e-action-hash=\"#elementor-action%3Aaction%3Dlightbox%26settings%3DeyJpZCI6MzY4LCJ1cmwiOiJodHRwczpcL1wvZ2FscGFvYmF1cnUuY29tLmJyXC93cC1jb250ZW50XC91cGxvYWRzXC8yMDIwXC8wOFwvR2FscFx1MDBlM28tQXV0by1FeHByZXNzLWVtLUJhdXJ1LTYuanBnIiwic2xpZGVzaG93IjoiYmI2OTk4ZiJ9\" href='https:\/\/galpaobauru.com.br\/wp-content\/uploads\/2020\/08\/Galp\u00e3o-Auto-Express-em-Bauru-6.jpg'><img loading=\"lazy\" decoding=\"async\" width=\"150\" height=\"150\" src=\"https:\/\/galpaobauru.com.br\/wp-content\/uploads\/2020\/08\/Galp\u00e3o-Auto-Express-em-Bauru-6-150x150.jpg\" class=\"attachment-thumbnail size-thumbnail\" alt=\"\" \/><\/a>\n\t\t\t<\/div><\/figure><figure class='gallery-item'>\n\t\t\t<div class='gallery-icon landscape'>\n\t\t\t\t<a data-elementor-open-lightbox=\"yes\" data-elementor-lightbox-slideshow=\"bb6998f\" data-elementor-lightbox-title=\"Galp\u00e3o Auto Express em Bauru (8)\" data-e-action-hash=\"#elementor-action%3Aaction%3Dlightbox%26settings%3DeyJpZCI6MzcwLCJ1cmwiOiJodHRwczpcL1wvZ2FscGFvYmF1cnUuY29tLmJyXC93cC1jb250ZW50XC91cGxvYWRzXC8yMDIwXC8wOFwvR2FscFx1MDBlM28tQXV0by1FeHByZXNzLWVtLUJhdXJ1LTguanBnIiwic2xpZGVzaG93IjoiYmI2OTk4ZiJ9\" href='https:\/\/galpaobauru.com.br\/wp-content\/uploads\/2020\/08\/Galp\u00e3o-Auto-Express-em-Bauru-8.jpg'><img loading=\"lazy\" decoding=\"async\" width=\"150\" height=\"150\" src=\"https:\/\/galpaobauru.com.br\/wp-content\/uploads\/2020\/08\/Galp\u00e3o-Auto-Express-em-Bauru-8-150x150.jpg\" class=\"attachment-thumbnail size-thumbnail\" alt=\"\" \/><\/a>\n\t\t\t<\/div><\/figure><figure class='gallery-item'>\n\t\t\t<div class='gallery-icon landscape'>\n\t\t\t\t<a data-elementor-open-lightbox=\"yes\" data-elementor-lightbox-slideshow=\"bb6998f\" data-elementor-lightbox-title=\"Galp\u00e3o auto express - galeria de fotos (7)\" data-e-action-hash=\"#elementor-action%3Aaction%3Dlightbox%26settings%3DeyJpZCI6NTQwLCJ1cmwiOiJodHRwczpcL1wvZ2FscGFvYmF1cnUuY29tLmJyXC93cC1jb250ZW50XC91cGxvYWRzXC8yMDIzXC8wMlwvR2FscGFvLWF1dG8tZXhwcmVzcy1nYWxlcmlhLWRlLWZvdG9zLTcuanBnIiwic2xpZGVzaG93IjoiYmI2OTk4ZiJ9\" href='https:\/\/galpaobauru.com.br\/wp-content\/uploads\/2023\/02\/Galpao-auto-express-galeria-de-fotos-7.jpg'><img loading=\"lazy\" decoding=\"async\" width=\"150\" height=\"150\" src=\"https:\/\/galpaobauru.com.br\/wp-content\/uploads\/2023\/02\/Galpao-auto-express-galeria-de-fotos-7-150x150.jpg\" class=\"attachment-thumbnail size-thumbnail\" alt=\"\" srcset=\"https:\/\/galpaobauru.com.br\/wp-content\/uploads\/2023\/02\/Galpao-auto-express-galeria-de-fotos-7-150x150.jpg 150w, https:\/\/galpaobauru.com.br\/wp-content\/uploads\/2023\/02\/Galpao-auto-express-galeria-de-fotos-7-300x300.jpg 300w, https:\/\/galpaobauru.com.br\/wp-content\/uploads\/2023\/02\/Galpao-auto-express-galeria-de-fotos-7.jpg 500w\" sizes=\"(max-width: 150px) 100vw, 150px\" \/><\/a>\n\t\t\t<\/div><\/figure>\n\t\t<\/div>\n\t\t<\/div>\n\t\t\t\t\t\t<\/div>\n\t\t\t\t<\/div>\n\t\t\t\t\t<\/div>\n\t\t<\/div>\n\t\t\t\t\t<\/div>\n\t\t<\/section>\n\t\t\t\t<\/div>\n\t\t","protected":false},"excerpt":{"rendered":"<p>A Galp\u00e3o Auto Express \u00e9 uma empresa especializada em Pintura automotiva, Martelinho de Ouro, Remo\u00e7\u00e3o de riscos, Polimento, Espelhamento, Vitrifica\u00e7\u00e3o Kisho, Est\u00e9tica Automotiva e Higieniza\u00e7\u00e3o&hellip;<\/p>\n","protected":false},"author":2,"featured_media":0,"parent":0,"menu_order":0,"comment_status":"closed","ping_status":"closed","template":"","meta":{"_joinchat":[],"footnotes":""},"class_list":["post-132","page","type-page","status-publish","hentry"],"_links":{"self":[{"href":"https:\/\/galpaobauru.com.br\/index.php\/wp-json\/wp\/v2\/pages\/132","targetHints":{"allow":["GET"]}}],"collection":[{"href":"https:\/\/galpaobauru.com.br\/index.php\/wp-json\/wp\/v2\/pages"}],"about":[{"href":"https:\/\/galpaobauru.com.br\/index.php\/wp-json\/wp\/v2\/types\/page"}],"author":[{"embeddable":true,"href":"https:\/\/galpaobauru.com.br\/index.php\/wp-json\/wp\/v2\/users\/2"}],"replies":[{"embeddable":true,"href":"https:\/\/galpaobauru.com.br\/index.php\/wp-json\/wp\/v2\/comments?post=132"}],"version-history":[{"count":19,"href":"https:\/\/galpaobauru.com.br\/index.php\/wp-json\/wp\/v2\/pages\/132\/revisions"}],"predecessor-version":[{"id":549,"href":"https:\/\/galpaobauru.com.br\/index.php\/wp-json\/wp\/v2\/pages\/132\/revisions\/549"}],"wp:attachment":[{"href":"https:\/\/galpaobauru.com.br\/index.php\/wp-json\/wp\/v2\/media?parent=132"}],"curies":[{"name":"wp","href":"https:\/\/api.w.org\/{rel}","templated":true}]}}